{"id":6763,"date":"2024-06-11T09:49:47","date_gmt":"2024-06-11T07:49:47","guid":{"rendered":"https:\/\/pertsl.com\/?page_id=6763"},"modified":"2024-06-12T15:32:18","modified_gmt":"2024-06-12T13:32:18","slug":"politique-de-cookies","status":"publish","type":"page","link":"https:\/\/pertsl.com\/?page_id=6763&lang=fr","title":{"rendered":"Politique de Cookies"},"content":{"rendered":"\t\t<div data-elementor-type=\"wp-page\" data-elementor-id=\"6763\" class=\"elementor elementor-6763\">\n\t\t\t\t<div class=\"elementor-element elementor-element-709e840 e-flex e-con-boxed e-con e-parent\" data-id=\"709e840\" data-element_type=\"container\">\n\t\t\t\t\t<div class=\"e-con-inner\">\n\t\t\t\t<div class=\"elementor-element elementor-element-8a94ae6 elementor-widget elementor-widget-heading\" data-id=\"8a94ae6\" data-element_type=\"widget\" data-widget_type=\"heading.default\">\n\t\t\t\t<div class=\"elementor-widget-container\">\n\t\t\t<style>\/*! elementor - v3.21.0 - 26-05-2024 *\/\n.elementor-heading-title{padding:0;margin:0;line-height:1}.elementor-widget-heading .elementor-heading-title[class*=elementor-size-]>a{color:inherit;font-size:inherit;line-height:inherit}.elementor-widget-heading .elementor-heading-title.elementor-size-small{font-size:15px}.elementor-widget-heading .elementor-heading-title.elementor-size-medium{font-size:19px}.elementor-widget-heading .elementor-heading-title.elementor-size-large{font-size:29px}.elementor-widget-heading .elementor-heading-title.elementor-size-xl{font-size:39px}.elementor-widget-heading .elementor-heading-title.elementor-size-xxl{font-size:59px}<\/style><h2 class=\"elementor-heading-title elementor-size-default\">Politique de Cookies<\/h2>\t\t<\/div>\n\t\t\t\t<\/div>\n\t\t\t\t<div class=\"elementor-element elementor-element-019c469 elementor-widget elementor-widget-text-editor\" data-id=\"019c469\" data-element_type=\"widget\" data-widget_type=\"text-editor.default\">\n\t\t\t\t<div class=\"elementor-widget-container\">\n\t\t\t<style>\/*! elementor - v3.21.0 - 26-05-2024 *\/\n.elementor-widget-text-editor.elementor-drop-cap-view-stacked .elementor-drop-cap{background-color:#69727d;color:#fff}.elementor-widget-text-editor.elementor-drop-cap-view-framed .elementor-drop-cap{color:#69727d;border:3px solid;background-color:transparent}.elementor-widget-text-editor:not(.elementor-drop-cap-view-default) .elementor-drop-cap{margin-top:8px}.elementor-widget-text-editor:not(.elementor-drop-cap-view-default) .elementor-drop-cap-letter{width:1em;height:1em}.elementor-widget-text-editor .elementor-drop-cap{float:left;text-align:center;line-height:1;font-size:50px}.elementor-widget-text-editor .elementor-drop-cap-letter{display:inline-block}<\/style>\t\t\t\t<h4>1. Introduction<\/h4>\nCe site web, exploit\u00e9 par <strong>Servicios Mec\u00e1nicos Pert SL<\/strong>, utilise des cookies pour am\u00e9liorer l&#8217;exp\u00e9rience utilisateur. Cette Politique de Cookies explique quelles cookies nous utilisons et comment vous pouvez les g\u00e9rer.\n<h4>2. Qu&#8217;est-ce que les Cookies?<\/h4>\nLes cookies sont de petits fichiers texte qui sont stock\u00e9s sur votre appareil lorsque vous visitez notre site web. Nous utilisons des cookies pour garantir le bon fonctionnement du site et pour analyser le trafic du site.\n<h4>3. Types de Cookies que Nous Utilisons<\/h4>\n<ul>\n \t<li>Cookies Essentiels: N\u00e9cessaires au fonctionnement de base du site web. Ces cookies ne collectent pas d&#8217;informations personnelles.<\/li>\n \t<li>Cookies Analytiques: Utilis\u00e9s pour analyser le trafic du site et am\u00e9liorer ses performances. Ils ne sont pas utilis\u00e9s pour identifier les utilisateurs.<\/li>\n<\/ul>\n<h4>4. Gestion des Cookies<\/h4>\nVous pouvez g\u00e9rer ou d\u00e9sactiver les cookies via les param\u00e8tres de votre navigateur. Veuillez noter que la d\u00e9sactivation des cookies essentiels peut affecter la fonctionnalit\u00e9 du site web.\n<h4>5. Modifications de Cette Politique<\/h4>\nNous nous r\u00e9servons le droit de mettre \u00e0 jour cette Politique de Cookies. Nous publierons tout changement sur cette page.\n<h4>6. Contact<\/h4>\nPour toute question relative \u00e0 cette Politique de Cookies, vous pouvez nous contacter \u00e0 <a href=\"mailto:compras@pertsl.com\">compras@pertsl.com<\/a>.\t\t\t\t\t\t<\/div>\n\t\t\t\t<\/div>\n\t\t\t\t\t<\/div>\n\t\t\t\t<\/div>\n\t\t\t\t<\/div>\n\t\t","protected":false},"excerpt":{"rendered":"<p>Politique de Cookies 1. Introduction Ce site web, exploit\u00e9 par Servicios Mec\u00e1nicos Pert SL, utilise des cookies pour am\u00e9liorer l&#8217;exp\u00e9rience utilisateur. Cette Politique de Cookies explique quelles cookies nous utilisons et comment vous pouvez les g\u00e9rer. 2. Qu&#8217;est-ce que les Cookies? Les cookies sont de petits fichiers texte qui sont stock\u00e9s sur votre appareil lorsque [&hellip;]<\/p>\n","protected":false},"author":1,"featured_media":0,"parent":0,"menu_order":0,"comment_status":"closed","ping_status":"closed","template":"","meta":{"inline_featured_image":false,"_monsterinsights_skip_tracking":false,"_monsterinsights_sitenote_active":false,"_monsterinsights_sitenote_note":"","_monsterinsights_sitenote_category":0,"footnotes":""},"aioseo_notices":[],"_links":{"self":[{"href":"https:\/\/pertsl.com\/index.php?rest_route=\/wp\/v2\/pages\/6763"}],"collection":[{"href":"https:\/\/pertsl.com\/index.php?rest_route=\/wp\/v2\/pages"}],"about":[{"href":"https:\/\/pertsl.com\/index.php?rest_route=\/wp\/v2\/types\/page"}],"author":[{"embeddable":true,"href":"https:\/\/pertsl.com\/index.php?rest_route=\/wp\/v2\/users\/1"}],"replies":[{"embeddable":true,"href":"https:\/\/pertsl.com\/index.php?rest_route=%2Fwp%2Fv2%2Fcomments&post=6763"}],"version-history":[{"count":4,"href":"https:\/\/pertsl.com\/index.php?rest_route=\/wp\/v2\/pages\/6763\/revisions"}],"predecessor-version":[{"id":6768,"href":"https:\/\/pertsl.com\/index.php?rest_route=\/wp\/v2\/pages\/6763\/revisions\/6768"}],"wp:attachment":[{"href":"https:\/\/pertsl.com\/index.php?rest_route=%2Fwp%2Fv2%2Fmedia&parent=6763"}],"curies":[{"name":"wp","href":"https:\/\/api.w.org\/{rel}","templated":true}]}}