{"id":6757,"date":"2024-06-11T09:49:47","date_gmt":"2024-06-11T07:49:47","guid":{"rendered":"https:\/\/pertsl.com\/?page_id=6757"},"modified":"2024-06-12T15:29:12","modified_gmt":"2024-06-12T13:29:12","slug":"cookies-policy","status":"publish","type":"page","link":"https:\/\/pertsl.com\/?page_id=6757&lang=en","title":{"rendered":"Cookies Policy"},"content":{"rendered":"\t\t<div data-elementor-type=\"wp-page\" data-elementor-id=\"6757\" class=\"elementor elementor-6757\">\n\t\t\t\t<div class=\"elementor-element elementor-element-709e840 e-flex e-con-boxed e-con e-parent\" data-id=\"709e840\" data-element_type=\"container\">\n\t\t\t\t\t<div class=\"e-con-inner\">\n\t\t\t\t<div class=\"elementor-element elementor-element-8a94ae6 elementor-widget elementor-widget-heading\" data-id=\"8a94ae6\" data-element_type=\"widget\" data-widget_type=\"heading.default\">\n\t\t\t\t<div class=\"elementor-widget-container\">\n\t\t\t<style>\/*! elementor - v3.21.0 - 26-05-2024 *\/\n.elementor-heading-title{padding:0;margin:0;line-height:1}.elementor-widget-heading .elementor-heading-title[class*=elementor-size-]>a{color:inherit;font-size:inherit;line-height:inherit}.elementor-widget-heading .elementor-heading-title.elementor-size-small{font-size:15px}.elementor-widget-heading .elementor-heading-title.elementor-size-medium{font-size:19px}.elementor-widget-heading .elementor-heading-title.elementor-size-large{font-size:29px}.elementor-widget-heading .elementor-heading-title.elementor-size-xl{font-size:39px}.elementor-widget-heading .elementor-heading-title.elementor-size-xxl{font-size:59px}<\/style><h2 class=\"elementor-heading-title elementor-size-default\">Cookies Policy<\/h2>\t\t<\/div>\n\t\t\t\t<\/div>\n\t\t\t\t<div class=\"elementor-element elementor-element-019c469 elementor-widget elementor-widget-text-editor\" data-id=\"019c469\" data-element_type=\"widget\" data-widget_type=\"text-editor.default\">\n\t\t\t\t<div class=\"elementor-widget-container\">\n\t\t\t<style>\/*! elementor - v3.21.0 - 26-05-2024 *\/\n.elementor-widget-text-editor.elementor-drop-cap-view-stacked .elementor-drop-cap{background-color:#69727d;color:#fff}.elementor-widget-text-editor.elementor-drop-cap-view-framed .elementor-drop-cap{color:#69727d;border:3px solid;background-color:transparent}.elementor-widget-text-editor:not(.elementor-drop-cap-view-default) .elementor-drop-cap{margin-top:8px}.elementor-widget-text-editor:not(.elementor-drop-cap-view-default) .elementor-drop-cap-letter{width:1em;height:1em}.elementor-widget-text-editor .elementor-drop-cap{float:left;text-align:center;line-height:1;font-size:50px}.elementor-widget-text-editor .elementor-drop-cap-letter{display:inline-block}<\/style>\t\t\t\t<h4>1. Introduction<\/h4>\nCe site web, exploit\u00e9 par <strong><span class=\"text-bodytext-m text-neutrals-700\">Servicios Mec\u00e1nicos Pert SL<\/span><\/strong>, ne collecte ni ne stocke les donn\u00e9es personnelles des utilisateurs. Cette politique explique notre position concernant la confidentialit\u00e9 et la s\u00e9curit\u00e9 des donn\u00e9es sur notre site web.\n<h4>2. Informations que Nous Collectons<\/h4>\nNous ne collectons pas de donn\u00e9es personnelles des visiteurs de notre site web. Nous n&#8217;utilisons pas de formulaires de contact, d&#8217;inscriptions, ni aucun autre moyen pour recueillir des informations personnelles.\n<h4>3. Utilisation de l&#8217;Information<\/h4>\n\u00c9tant donn\u00e9 que nous ne collectons pas d&#8217;informations personnelles, nous n&#8217;utilisons ni ne partageons d&#8217;informations personnelles de quelque mani\u00e8re que ce soit.\n<h4>4. S\u00e9curit\u00e9 de l&#8217;Information<\/h4>\nBien que nous ne collections pas de donn\u00e9es personnelles, nous nous engageons \u00e0 maintenir un site web s\u00e9curis\u00e9 et exempt de menaces cybern\u00e9tiques.\n<h4>5. Modifications de Cette Politique<\/h4>\nNous nous r\u00e9servons le droit de mettre \u00e0 jour cette Politique de Confidentialit\u00e9 \u00e0 tout moment. Nous publierons tout changement sur cette page.\n<h4>6. Contact<\/h4>\nPour toute question relative \u00e0 cette Politique de Confidentialit\u00e9, vous pouvez nous contacter \u00e0 <a href=\"mailto:oficina@pertsl.com\">oficina@pertsl.com<\/a>.\t\t\t\t\t\t<\/div>\n\t\t\t\t<\/div>\n\t\t\t\t\t<\/div>\n\t\t\t\t<\/div>\n\t\t\t\t<\/div>\n\t\t","protected":false},"excerpt":{"rendered":"<p>Cookies Policy 1. Introduction Ce site web, exploit\u00e9 par Servicios Mec\u00e1nicos Pert SL, ne collecte ni ne stocke les donn\u00e9es personnelles des utilisateurs. Cette politique explique notre position concernant la confidentialit\u00e9 et la s\u00e9curit\u00e9 des donn\u00e9es sur notre site web. 2. Informations que Nous Collectons Nous ne collectons pas de donn\u00e9es personnelles des visiteurs de [&hellip;]<\/p>\n","protected":false},"author":1,"featured_media":0,"parent":0,"menu_order":0,"comment_status":"closed","ping_status":"closed","template":"","meta":{"inline_featured_image":false,"_monsterinsights_skip_tracking":false,"_monsterinsights_sitenote_active":false,"_monsterinsights_sitenote_note":"","_monsterinsights_sitenote_category":0,"footnotes":""},"aioseo_notices":[],"_links":{"self":[{"href":"https:\/\/pertsl.com\/index.php?rest_route=\/wp\/v2\/pages\/6757"}],"collection":[{"href":"https:\/\/pertsl.com\/index.php?rest_route=\/wp\/v2\/pages"}],"about":[{"href":"https:\/\/pertsl.com\/index.php?rest_route=\/wp\/v2\/types\/page"}],"author":[{"embeddable":true,"href":"https:\/\/pertsl.com\/index.php?rest_route=\/wp\/v2\/users\/1"}],"replies":[{"embeddable":true,"href":"https:\/\/pertsl.com\/index.php?rest_route=%2Fwp%2Fv2%2Fcomments&post=6757"}],"version-history":[{"count":4,"href":"https:\/\/pertsl.com\/index.php?rest_route=\/wp\/v2\/pages\/6757\/revisions"}],"predecessor-version":[{"id":6762,"href":"https:\/\/pertsl.com\/index.php?rest_route=\/wp\/v2\/pages\/6757\/revisions\/6762"}],"wp:attachment":[{"href":"https:\/\/pertsl.com\/index.php?rest_route=%2Fwp%2Fv2%2Fmedia&parent=6757"}],"curies":[{"name":"wp","href":"https:\/\/api.w.org\/{rel}","templated":true}]}}