{"id":6735,"date":"2024-06-11T09:31:50","date_gmt":"2024-06-11T07:31:50","guid":{"rendered":"https:\/\/pertsl.com\/?page_id=6735"},"modified":"2024-06-12T15:17:40","modified_gmt":"2024-06-12T13:17:40","slug":"politica-de-privacitat","status":"publish","type":"page","link":"https:\/\/pertsl.com\/?page_id=6735&lang=ca","title":{"rendered":"Pol\u00edtica de privacitat"},"content":{"rendered":"\t\t<div data-elementor-type=\"wp-page\" data-elementor-id=\"6735\" class=\"elementor elementor-6735\">\n\t\t\t\t<div class=\"elementor-element elementor-element-0e5d88b e-flex e-con-boxed e-con e-parent\" data-id=\"0e5d88b\" data-element_type=\"container\">\n\t\t\t\t\t<div class=\"e-con-inner\">\n\t\t\t\t<div class=\"elementor-element elementor-element-b9414fc elementor-widget elementor-widget-heading\" data-id=\"b9414fc\" data-element_type=\"widget\" data-widget_type=\"heading.default\">\n\t\t\t\t<div class=\"elementor-widget-container\">\n\t\t\t<style>\/*! elementor - v3.21.0 - 26-05-2024 *\/\n.elementor-heading-title{padding:0;margin:0;line-height:1}.elementor-widget-heading .elementor-heading-title[class*=elementor-size-]>a{color:inherit;font-size:inherit;line-height:inherit}.elementor-widget-heading .elementor-heading-title.elementor-size-small{font-size:15px}.elementor-widget-heading .elementor-heading-title.elementor-size-medium{font-size:19px}.elementor-widget-heading .elementor-heading-title.elementor-size-large{font-size:29px}.elementor-widget-heading .elementor-heading-title.elementor-size-xl{font-size:39px}.elementor-widget-heading .elementor-heading-title.elementor-size-xxl{font-size:59px}<\/style><h2 class=\"elementor-heading-title elementor-size-default\">Pol\u00edtica de privacitat<\/h2>\t\t<\/div>\n\t\t\t\t<\/div>\n\t\t\t\t<div class=\"elementor-element elementor-element-d124f33 elementor-widget elementor-widget-text-editor\" data-id=\"d124f33\" data-element_type=\"widget\" data-widget_type=\"text-editor.default\">\n\t\t\t\t<div class=\"elementor-widget-container\">\n\t\t\t<style>\/*! elementor - v3.21.0 - 26-05-2024 *\/\n.elementor-widget-text-editor.elementor-drop-cap-view-stacked .elementor-drop-cap{background-color:#69727d;color:#fff}.elementor-widget-text-editor.elementor-drop-cap-view-framed .elementor-drop-cap{color:#69727d;border:3px solid;background-color:transparent}.elementor-widget-text-editor:not(.elementor-drop-cap-view-default) .elementor-drop-cap{margin-top:8px}.elementor-widget-text-editor:not(.elementor-drop-cap-view-default) .elementor-drop-cap-letter{width:1em;height:1em}.elementor-widget-text-editor .elementor-drop-cap{float:left;text-align:center;line-height:1;font-size:50px}.elementor-widget-text-editor .elementor-drop-cap-letter{display:inline-block}<\/style>\t\t\t\t<h4>1. Introducci\u00f3<\/h4>\nAquest lloc web, operat per <strong><span class=\"text-bodytext-m text-neutrals-700\">Serveis Mec\u00e0nics Pert SL<\/span><\/strong>, no recopila ni emmagatzema dades personals dels usuaris. Aquesta pol\u00edtica explica la nostra postura respecte a la privacitat i la seguretat de les dades en el nostre lloc web.\n<h4>2. Informaci\u00f3 que Recopilem<\/h4>\nNo recopilem dades personals dels visitants del nostre lloc web. No utilitzem formularis de contacte, registres, ni cap altre m\u00e8tode per recollir informaci\u00f3 personal.\n<h4>3. \u00das de la Informaci\u00f3<\/h4>\nAt\u00e8s que no recopilem informaci\u00f3 personal, no utilitzem ni compartim informaci\u00f3 personal de cap manera.\n<h4>4. Seguretat de la Informaci\u00f3<\/h4>\nEncara que no recopilem dades personals, ens comprometem a mantenir un lloc web segur i lliure d&#8217;amenaces cibern\u00e8tiques.\n<h4>5. Canvis a Aquesta Pol\u00edtica<\/h4>\nEns reservem el dret d&#8217;actualitzar aquesta Pol\u00edtica de Privacitat en qualsevol moment. Publicarem qualsevol canvi en aquesta p\u00e0gina.\n<h4>6. Contacte<\/h4>\nPer a qualsevol consulta relacionada amb aquesta Pol\u00edtica de Privacitat, podeu contactar-nos a <a href=\"mailto:oficina@pertsl.com\">oficina@pertsl.com<\/a>.\t\t\t\t\t\t<\/div>\n\t\t\t\t<\/div>\n\t\t\t\t\t<\/div>\n\t\t\t\t<\/div>\n\t\t\t\t<\/div>\n\t\t","protected":false},"excerpt":{"rendered":"<p>Pol\u00edtica de privacitat 1. Introducci\u00f3 Aquest lloc web, operat per Serveis Mec\u00e0nics Pert SL, no recopila ni emmagatzema dades personals dels usuaris. Aquesta pol\u00edtica explica la nostra postura respecte a la privacitat i la seguretat de les dades en el nostre lloc web. 2. Informaci\u00f3 que Recopilem No recopilem dades personals dels visitants del nostre [&hellip;]<\/p>\n","protected":false},"author":1,"featured_media":0,"parent":0,"menu_order":0,"comment_status":"closed","ping_status":"closed","template":"","meta":{"inline_featured_image":false,"_monsterinsights_skip_tracking":false,"_monsterinsights_sitenote_active":false,"_monsterinsights_sitenote_note":"","_monsterinsights_sitenote_category":0,"footnotes":""},"aioseo_notices":[],"_links":{"self":[{"href":"https:\/\/pertsl.com\/index.php?rest_route=\/wp\/v2\/pages\/6735"}],"collection":[{"href":"https:\/\/pertsl.com\/index.php?rest_route=\/wp\/v2\/pages"}],"about":[{"href":"https:\/\/pertsl.com\/index.php?rest_route=\/wp\/v2\/types\/page"}],"author":[{"embeddable":true,"href":"https:\/\/pertsl.com\/index.php?rest_route=\/wp\/v2\/users\/1"}],"replies":[{"embeddable":true,"href":"https:\/\/pertsl.com\/index.php?rest_route=%2Fwp%2Fv2%2Fcomments&post=6735"}],"version-history":[{"count":4,"href":"https:\/\/pertsl.com\/index.php?rest_route=\/wp\/v2\/pages\/6735\/revisions"}],"predecessor-version":[{"id":6740,"href":"https:\/\/pertsl.com\/index.php?rest_route=\/wp\/v2\/pages\/6735\/revisions\/6740"}],"wp:attachment":[{"href":"https:\/\/pertsl.com\/index.php?rest_route=%2Fwp%2Fv2%2Fmedia&parent=6735"}],"curies":[{"name":"wp","href":"https:\/\/api.w.org\/{rel}","templated":true}]}}