{"id":6729,"date":"2024-06-11T09:49:47","date_gmt":"2024-06-11T07:49:47","guid":{"rendered":"https:\/\/pertsl.com\/?page_id=6729"},"modified":"2024-06-12T15:15:08","modified_gmt":"2024-06-12T13:15:08","slug":"politica-de-cookies-2","status":"publish","type":"page","link":"https:\/\/pertsl.com\/?page_id=6729&lang=ca","title":{"rendered":"Pol\u00edtica de cookies"},"content":{"rendered":"\t\t<div data-elementor-type=\"wp-page\" data-elementor-id=\"6729\" class=\"elementor elementor-6729\">\n\t\t\t\t<div class=\"elementor-element elementor-element-709e840 e-flex e-con-boxed e-con e-parent\" data-id=\"709e840\" data-element_type=\"container\">\n\t\t\t\t\t<div class=\"e-con-inner\">\n\t\t\t\t<div class=\"elementor-element elementor-element-8a94ae6 elementor-widget elementor-widget-heading\" data-id=\"8a94ae6\" data-element_type=\"widget\" data-widget_type=\"heading.default\">\n\t\t\t\t<div class=\"elementor-widget-container\">\n\t\t\t<style>\/*! elementor - v3.21.0 - 26-05-2024 *\/\n.elementor-heading-title{padding:0;margin:0;line-height:1}.elementor-widget-heading .elementor-heading-title[class*=elementor-size-]>a{color:inherit;font-size:inherit;line-height:inherit}.elementor-widget-heading .elementor-heading-title.elementor-size-small{font-size:15px}.elementor-widget-heading .elementor-heading-title.elementor-size-medium{font-size:19px}.elementor-widget-heading .elementor-heading-title.elementor-size-large{font-size:29px}.elementor-widget-heading .elementor-heading-title.elementor-size-xl{font-size:39px}.elementor-widget-heading .elementor-heading-title.elementor-size-xxl{font-size:59px}<\/style><h2 class=\"elementor-heading-title elementor-size-default\">Pol\u00edtica de cookies<\/h2>\t\t<\/div>\n\t\t\t\t<\/div>\n\t\t\t\t<div class=\"elementor-element elementor-element-019c469 elementor-widget elementor-widget-text-editor\" data-id=\"019c469\" data-element_type=\"widget\" data-widget_type=\"text-editor.default\">\n\t\t\t\t<div class=\"elementor-widget-container\">\n\t\t\t<style>\/*! elementor - v3.21.0 - 26-05-2024 *\/\n.elementor-widget-text-editor.elementor-drop-cap-view-stacked .elementor-drop-cap{background-color:#69727d;color:#fff}.elementor-widget-text-editor.elementor-drop-cap-view-framed .elementor-drop-cap{color:#69727d;border:3px solid;background-color:transparent}.elementor-widget-text-editor:not(.elementor-drop-cap-view-default) .elementor-drop-cap{margin-top:8px}.elementor-widget-text-editor:not(.elementor-drop-cap-view-default) .elementor-drop-cap-letter{width:1em;height:1em}.elementor-widget-text-editor .elementor-drop-cap{float:left;text-align:center;line-height:1;font-size:50px}.elementor-widget-text-editor .elementor-drop-cap-letter{display:inline-block}<\/style>\t\t\t\t<h4>1. Introducci\u00f3<\/h4>\nAquest lloc web, operat per <strong>Serveis Mec\u00e0nics Pert SL<\/strong>, utilitza cookies per millorar l&#8217;experi\u00e8ncia de l&#8217;usuari. Aquesta Pol\u00edtica de Cookies explica quines cookies utilitzem i com podeu gestionar-les.\n<h4>2. Qu\u00e8 S\u00f3n les Cookies?<\/h4>\nLes cookies s\u00f3n petits arxius de text que s&#8217;emmagatzemen en el vostre dispositiu quan visiteu el nostre lloc web. Utilitzem cookies per assegurar-nos que el lloc funcioni correctament i per analitzar el tr\u00e0nsit del lloc.\n<h4>3. Tipus de Cookies que Utilitzem<\/h4>\n<ul>\n \t<li>Cookies Essencials: Necess\u00e0ries per al funcionament b\u00e0sic del lloc web. Aquestes cookies no recopilen informaci\u00f3 personal.<\/li>\n \t<li>Cookies Anal\u00edtiques: Utilitzades per analitzar el tr\u00e0nsit del lloc i millorar-ne el rendiment. No s&#8217;utilitzen per identificar els usuaris.<\/li>\n<\/ul>\n<h4>4. Gesti\u00f3 de Cookies<\/h4>\nPodeu gestionar o desactivar les cookies a trav\u00e9s de la configuraci\u00f3 del vostre navegador. Tingueu en compte que desactivar les cookies essencials pot afectar la funcionalitat del lloc web.\n<h4>5. Canvis a Aquesta Pol\u00edtica<\/h4>\nEns reservem el dret d&#8217;actualitzar aquesta Pol\u00edtica de Cookies. Publicarem qualsevol canvi en aquesta p\u00e0gina.\n<h4>6. Contacte<\/h4>\nPer a qualsevol consulta relacionada amb aquesta Pol\u00edtica de Cookies, podeu contactar-nos a <a href=\"mailto:compras@pertsl.com\">compras@pertsl.com<\/a>.\t\t\t\t\t\t<\/div>\n\t\t\t\t<\/div>\n\t\t\t\t\t<\/div>\n\t\t\t\t<\/div>\n\t\t\t\t<\/div>\n\t\t","protected":false},"excerpt":{"rendered":"<p>Pol\u00edtica de cookies 1. Introducci\u00f3 Aquest lloc web, operat per Serveis Mec\u00e0nics Pert SL, utilitza cookies per millorar l&#8217;experi\u00e8ncia de l&#8217;usuari. Aquesta Pol\u00edtica de Cookies explica quines cookies utilitzem i com podeu gestionar-les. 2. Qu\u00e8 S\u00f3n les Cookies? Les cookies s\u00f3n petits arxius de text que s&#8217;emmagatzemen en el vostre dispositiu quan visiteu el nostre [&hellip;]<\/p>\n","protected":false},"author":1,"featured_media":0,"parent":0,"menu_order":0,"comment_status":"closed","ping_status":"closed","template":"","meta":{"inline_featured_image":false,"_monsterinsights_skip_tracking":false,"_monsterinsights_sitenote_active":false,"_monsterinsights_sitenote_note":"","_monsterinsights_sitenote_category":0,"footnotes":""},"aioseo_notices":[],"_links":{"self":[{"href":"https:\/\/pertsl.com\/index.php?rest_route=\/wp\/v2\/pages\/6729"}],"collection":[{"href":"https:\/\/pertsl.com\/index.php?rest_route=\/wp\/v2\/pages"}],"about":[{"href":"https:\/\/pertsl.com\/index.php?rest_route=\/wp\/v2\/types\/page"}],"author":[{"embeddable":true,"href":"https:\/\/pertsl.com\/index.php?rest_route=\/wp\/v2\/users\/1"}],"replies":[{"embeddable":true,"href":"https:\/\/pertsl.com\/index.php?rest_route=%2Fwp%2Fv2%2Fcomments&post=6729"}],"version-history":[{"count":4,"href":"https:\/\/pertsl.com\/index.php?rest_route=\/wp\/v2\/pages\/6729\/revisions"}],"predecessor-version":[{"id":6734,"href":"https:\/\/pertsl.com\/index.php?rest_route=\/wp\/v2\/pages\/6729\/revisions\/6734"}],"wp:attachment":[{"href":"https:\/\/pertsl.com\/index.php?rest_route=%2Fwp%2Fv2%2Fmedia&parent=6729"}],"curies":[{"name":"wp","href":"https:\/\/api.w.org\/{rel}","templated":true}]}}