{"id":6718,"date":"2024-06-11T09:58:58","date_gmt":"2024-06-11T07:58:58","guid":{"rendered":"https:\/\/pertsl.com\/?page_id=6718"},"modified":"2024-06-12T15:08:11","modified_gmt":"2024-06-12T13:08:11","slug":"information-legale","status":"publish","type":"page","link":"https:\/\/pertsl.com\/?page_id=6718&lang=fr","title":{"rendered":"Information l\u00e9gale"},"content":{"rendered":"\t\t<div data-elementor-type=\"wp-page\" data-elementor-id=\"6718\" class=\"elementor elementor-6718\">\n\t\t\t\t<div class=\"elementor-element elementor-element-74f63f4 e-flex e-con-boxed e-con e-parent\" data-id=\"74f63f4\" data-element_type=\"container\">\n\t\t\t\t\t<div class=\"e-con-inner\">\n\t\t\t\t<div class=\"elementor-element elementor-element-d135171 elementor-widget elementor-widget-heading\" data-id=\"d135171\" data-element_type=\"widget\" data-widget_type=\"heading.default\">\n\t\t\t\t<div class=\"elementor-widget-container\">\n\t\t\t<style>\/*! elementor - v3.21.0 - 26-05-2024 *\/\n.elementor-heading-title{padding:0;margin:0;line-height:1}.elementor-widget-heading .elementor-heading-title[class*=elementor-size-]>a{color:inherit;font-size:inherit;line-height:inherit}.elementor-widget-heading .elementor-heading-title.elementor-size-small{font-size:15px}.elementor-widget-heading .elementor-heading-title.elementor-size-medium{font-size:19px}.elementor-widget-heading .elementor-heading-title.elementor-size-large{font-size:29px}.elementor-widget-heading .elementor-heading-title.elementor-size-xl{font-size:39px}.elementor-widget-heading .elementor-heading-title.elementor-size-xxl{font-size:59px}<\/style><h2 class=\"elementor-heading-title elementor-size-default\">Information l\u00e9gale<\/h2>\t\t<\/div>\n\t\t\t\t<\/div>\n\t\t\t\t<div class=\"elementor-element elementor-element-2efcebf elementor-widget elementor-widget-text-editor\" data-id=\"2efcebf\" data-element_type=\"widget\" data-widget_type=\"text-editor.default\">\n\t\t\t\t<div class=\"elementor-widget-container\">\n\t\t\t<style>\/*! elementor - v3.21.0 - 26-05-2024 *\/\n.elementor-widget-text-editor.elementor-drop-cap-view-stacked .elementor-drop-cap{background-color:#69727d;color:#fff}.elementor-widget-text-editor.elementor-drop-cap-view-framed .elementor-drop-cap{color:#69727d;border:3px solid;background-color:transparent}.elementor-widget-text-editor:not(.elementor-drop-cap-view-default) .elementor-drop-cap{margin-top:8px}.elementor-widget-text-editor:not(.elementor-drop-cap-view-default) .elementor-drop-cap-letter{width:1em;height:1em}.elementor-widget-text-editor .elementor-drop-cap{float:left;text-align:center;line-height:1;font-size:50px}.elementor-widget-text-editor .elementor-drop-cap-letter{display:inline-block}<\/style>\t\t\t\t<h4>1. Informations G\u00e9n\u00e9rales<\/h4>\nConform\u00e9ment \u00e0 l&#8217;obligation d&#8217;information \u00e9tablie \u00e0 l&#8217;article 10 de la Loi 34\/2002, du 11 juillet, sur les Services de la Soci\u00e9t\u00e9 de l&#8217;Information et le Commerce \u00c9lectronique (LSSI-CE), les informations g\u00e9n\u00e9rales suivantes sur ce site web sont fournies :\n<ul>\n \t<li>Propri\u00e9taire du Site Web : Servicios Mec\u00e1nicos Pert SL<\/li>\n \t<li>Adresse : Carrer Emili Sol\u00e0 i Cort\u00e9s 8, 08191 &#8211; Rub\u00ed, Barcelone<\/li>\n \t<li>Num\u00e9ro d&#8217;Identification Fiscale : <span class=\"text-bodytext-m text-neutrals-700\">B60288404<\/span><\/li>\n \t<li>Adresse \u00c9lectronique : <a href=\"mailto:oficina@pertsl.com\">oficina@pertsl.com<\/a><\/li>\n \t<li>T\u00e9l\u00e9phone de Contact : +34 935 885 049<\/li>\n<\/ul>\n<h4>2. Conditions d&#8217;Utilisation<\/h4>\nL&#8217;acc\u00e8s et\/ou l&#8217;utilisation de ce site web attribue la condition d&#8217;utilisateur, qui accepte, d\u00e8s cet acc\u00e8s et\/ou utilisation, les conditions ici refl\u00e9t\u00e9es. Ces conditions sont applicables ind\u00e9pendamment des conditions g\u00e9n\u00e9rales de contrat qui, le cas \u00e9ch\u00e9ant, doivent \u00eatre respect\u00e9es.\n<h4>3. Propri\u00e9t\u00e9 Intellectuelle et Industrielle<\/h4>\n<ul>\n \t<li>Contenus du Site Web : Les contenus de ce site web, y compris, entre autres, les images, textes et logos, sont la propri\u00e9t\u00e9 de <strong>Servicios Mec\u00e1nicos Pert SL<\/strong> ou de tiers ayant autoris\u00e9 leur utilisation.<\/li>\n \t<li>Droits R\u00e9serv\u00e9s : La reproduction, distribution et communication publique, y compris sous forme de mise \u00e0 disposition, de tout ou partie des contenus de ce site web, \u00e0 des fins commerciales, sur tout support et par tout moyen technique, sans l&#8217;autorisation de <strong>Servicios Mec\u00e1nicos Pert SL<\/strong>, sont interdites.<\/li>\n<\/ul>\n<h4>4. Exclusion de Garanties et de Responsabilit\u00e9<\/h4>\n<strong>Servicios Mec\u00e1nicos Pert SL<\/strong> n&#8217;est en aucun cas responsable des dommages de toute nature qui pourraient \u00eatre caus\u00e9s, \u00e0 titre indicatif : erreurs ou omissions dans les contenus, indisponibilit\u00e9 du site web, ou transmission de virus ou de programmes malveillants ou nuisibles dans les contenus, malgr\u00e9 avoir pris toutes les mesures technologiques n\u00e9cessaires pour l&#8217;\u00e9viter.\n<h4>5. Modifications<\/h4>\n<strong>Servicios Mec\u00e1nicos Pert SL<\/strong> se r\u00e9serve le droit d&#8217;effectuer sans pr\u00e9avis les modifications qu&#8217;il juge appropri\u00e9es sur son site web, pouvant changer, supprimer ou ajouter tant les contenus et services fournis par celui-ci que la mani\u00e8re dont ils apparaissent pr\u00e9sent\u00e9s ou localis\u00e9s sur son site web.\n<h4>6. Liens<\/h4>\nDans le cas o\u00f9 le site web disposerait de liens ou d&#8217;hyperliens vers d&#8217;autres sites Internet, <strong>Servicios Mec\u00e1nicos Pert SL<\/strong> n&#8217;exercera aucun contr\u00f4le sur ces sites et contenus. En aucun cas <strong>Servicios Mec\u00e1nicos Pert SL<\/strong> n&#8217;assumera de responsabilit\u00e9 pour les contenus d&#8217;un lien appartenant \u00e0 un site web externe.\n<h4>7. Droit d&#8217;Exclusion<\/h4>\n<strong>Servicios Mec\u00e1nicos Pert SL<\/strong> se r\u00e9serve le droit de refuser ou de retirer l&#8217;acc\u00e8s \u00e0 son site web et\/ou aux services offerts sans pr\u00e9avis, \u00e0 sa propre demande ou \u00e0 la demande d&#8217;un tiers, aux utilisateurs qui ne respecteraient pas les pr\u00e9sentes conditions g\u00e9n\u00e9rales d&#8217;utilisation.\n<h4>8. G\u00e9n\u00e9ralit\u00e9s<\/h4>\n<strong>Servicios Mec\u00e1nicos Pert SL<\/strong> poursuivra la violation des pr\u00e9sentes conditions ainsi que toute utilisation incorrecte de son site web en exer\u00e7ant toutes les actions civiles et p\u00e9nales qui pourraient lui correspondre en droit.\n<h4>9. L\u00e9gislation Applicable et Juridiction<\/h4>\nLa relation entre <strong>Servicios Mec\u00e1nicos Pert SL<\/strong> et l&#8217;utilisateur sera r\u00e9gie par la l\u00e9gislation espagnole en vigueur et tout litige sera soumis aux Tribunaux de la ville de Rub\u00ed.\n<h4>10. Contact<\/h4>\nSi vous avez des questions concernant cet Avis L\u00e9gal, vous pouvez nous contacter \u00e0 <a href=\"mailto:oficina@pertsl.com\">oficina@pertsl.com<\/a>.\t\t\t\t\t\t<\/div>\n\t\t\t\t<\/div>\n\t\t\t\t\t<\/div>\n\t\t\t\t<\/div>\n\t\t\t\t<\/div>\n\t\t","protected":false},"excerpt":{"rendered":"<p>Information l\u00e9gale 1. Informations G\u00e9n\u00e9rales Conform\u00e9ment \u00e0 l&#8217;obligation d&#8217;information \u00e9tablie \u00e0 l&#8217;article 10 de la Loi 34\/2002, du 11 juillet, sur les Services de la Soci\u00e9t\u00e9 de l&#8217;Information et le Commerce \u00c9lectronique (LSSI-CE), les informations g\u00e9n\u00e9rales suivantes sur ce site web sont fournies : Propri\u00e9taire du Site Web : Servicios Mec\u00e1nicos Pert SL Adresse : [&hellip;]<\/p>\n","protected":false},"author":1,"featured_media":0,"parent":0,"menu_order":0,"comment_status":"closed","ping_status":"closed","template":"","meta":{"inline_featured_image":false,"_monsterinsights_skip_tracking":false,"_monsterinsights_sitenote_active":false,"_monsterinsights_sitenote_note":"","_monsterinsights_sitenote_category":0,"footnotes":""},"aioseo_notices":[],"_links":{"self":[{"href":"https:\/\/pertsl.com\/index.php?rest_route=\/wp\/v2\/pages\/6718"}],"collection":[{"href":"https:\/\/pertsl.com\/index.php?rest_route=\/wp\/v2\/pages"}],"about":[{"href":"https:\/\/pertsl.com\/index.php?rest_route=\/wp\/v2\/types\/page"}],"author":[{"embeddable":true,"href":"https:\/\/pertsl.com\/index.php?rest_route=\/wp\/v2\/users\/1"}],"replies":[{"embeddable":true,"href":"https:\/\/pertsl.com\/index.php?rest_route=%2Fwp%2Fv2%2Fcomments&post=6718"}],"version-history":[{"count":4,"href":"https:\/\/pertsl.com\/index.php?rest_route=\/wp\/v2\/pages\/6718\/revisions"}],"predecessor-version":[{"id":6723,"href":"https:\/\/pertsl.com\/index.php?rest_route=\/wp\/v2\/pages\/6718\/revisions\/6723"}],"wp:attachment":[{"href":"https:\/\/pertsl.com\/index.php?rest_route=%2Fwp%2Fv2%2Fmedia&parent=6718"}],"curies":[{"name":"wp","href":"https:\/\/api.w.org\/{rel}","templated":true}]}}