{"id":6708,"date":"2024-06-11T09:58:58","date_gmt":"2024-06-11T07:58:58","guid":{"rendered":"https:\/\/pertsl.com\/?page_id=6708"},"modified":"2024-06-12T15:04:25","modified_gmt":"2024-06-12T13:04:25","slug":"legal-warning","status":"publish","type":"page","link":"https:\/\/pertsl.com\/?page_id=6708&lang=en","title":{"rendered":"Legal warning"},"content":{"rendered":"\t\t<div data-elementor-type=\"wp-page\" data-elementor-id=\"6708\" class=\"elementor elementor-6708\">\n\t\t\t\t<div class=\"elementor-element elementor-element-74f63f4 e-flex e-con-boxed e-con e-parent\" data-id=\"74f63f4\" data-element_type=\"container\">\n\t\t\t\t\t<div class=\"e-con-inner\">\n\t\t\t\t<div class=\"elementor-element elementor-element-d135171 elementor-widget elementor-widget-heading\" data-id=\"d135171\" data-element_type=\"widget\" data-widget_type=\"heading.default\">\n\t\t\t\t<div class=\"elementor-widget-container\">\n\t\t\t<style>\/*! elementor - v3.21.0 - 26-05-2024 *\/\n.elementor-heading-title{padding:0;margin:0;line-height:1}.elementor-widget-heading .elementor-heading-title[class*=elementor-size-]>a{color:inherit;font-size:inherit;line-height:inherit}.elementor-widget-heading .elementor-heading-title.elementor-size-small{font-size:15px}.elementor-widget-heading .elementor-heading-title.elementor-size-medium{font-size:19px}.elementor-widget-heading .elementor-heading-title.elementor-size-large{font-size:29px}.elementor-widget-heading .elementor-heading-title.elementor-size-xl{font-size:39px}.elementor-widget-heading .elementor-heading-title.elementor-size-xxl{font-size:59px}<\/style><h2 class=\"elementor-heading-title elementor-size-default\">Legal Warning<\/h2>\t\t<\/div>\n\t\t\t\t<\/div>\n\t\t\t\t<div class=\"elementor-element elementor-element-2efcebf elementor-widget elementor-widget-text-editor\" data-id=\"2efcebf\" data-element_type=\"widget\" data-widget_type=\"text-editor.default\">\n\t\t\t\t<div class=\"elementor-widget-container\">\n\t\t\t<style>\/*! elementor - v3.21.0 - 26-05-2024 *\/\n.elementor-widget-text-editor.elementor-drop-cap-view-stacked .elementor-drop-cap{background-color:#69727d;color:#fff}.elementor-widget-text-editor.elementor-drop-cap-view-framed .elementor-drop-cap{color:#69727d;border:3px solid;background-color:transparent}.elementor-widget-text-editor:not(.elementor-drop-cap-view-default) .elementor-drop-cap{margin-top:8px}.elementor-widget-text-editor:not(.elementor-drop-cap-view-default) .elementor-drop-cap-letter{width:1em;height:1em}.elementor-widget-text-editor .elementor-drop-cap{float:left;text-align:center;line-height:1;font-size:50px}.elementor-widget-text-editor .elementor-drop-cap-letter{display:inline-block}<\/style>\t\t\t\t<h4>1. General Information<\/h4>\nIn accordance with the duty of information established in Article 10 of Law 34\/2002, of July 11, on Information Society Services and Electronic Commerce (LSSI-CE), the following general information about this website is provided:\n<ul>\n \t<li>Website Owner: Servicios Mec\u00e1nicos Pert SL<\/li>\n \t<li>Address: Carrer Emili Sol\u00e0 i Cort\u00e9s 8, 08191 &#8211; Rub\u00ed, Barcelona<\/li>\n \t<li>Tax ID: <span class=\"text-bodytext-m text-neutrals-700\">B60288404<\/span><\/li>\n \t<li>Email: <a href=\"mailto:oficina@pertsl.com\">oficina@pertsl.com<\/a><\/li>\n \t<li>Contact Phone: +34 935 885 049<\/li>\n<\/ul>\n<h4>2. Terms of Use<\/h4>\nAccess and\/or use of this website attributes the status of user, who accepts, from said access and\/or use, the conditions reflected herein. These conditions are applicable regardless of the general contracting conditions that, where applicable, must be complied with.\n<h4>3. Intellectual and Industrial Property<\/h4>\n<ul>\n \t<li>Website Content: The contents of this website, including, among others, images, texts, and logos, are the property of <strong>Servicios Mec\u00e1nicos Pert SL<\/strong> or third parties who have authorized their use.<\/li>\n \t<li>Reserved Rights: Reproduction, distribution, and public communication, including the modality of making available, of all or part of the contents of this website, for commercial purposes, in any medium and by any technical means, without the authorization of <strong>Servicios Mec\u00e1nicos Pert SL<\/strong>, is prohibited.<\/li>\n<\/ul>\n<h4>4. Disclaimer of Warranties and Liability<\/h4>\n<strong>Servicios Mec\u00e1nicos Pert SL<\/strong> is not responsible, in any case, for damages of any kind that may be caused, including but not limited to: errors or omissions in the contents, lack of availability of the website, or the transmission of viruses or malicious or harmful programs in the contents, despite having taken all necessary technological measures to prevent it.\n<h4>5. Modifications<\/h4>\n<strong>Servicios Mec\u00e1nicos Pert SL<\/strong> reserves the right to make any modifications it deems appropriate to its website without prior notice, and may change, delete, or add both the contents and services provided through it and the way in which they are presented or located on its website.\n<h4>6. Links<\/h4>\nIn the event that the website includes links or hyperlinks to other Internet sites, <strong>Servicios Mec\u00e1nicos Pert SL<\/strong> does not exercise any control over such sites and contents. In no case shall <strong>Servicios Mec\u00e1nicos Pert SL<\/strong> assume any responsibility for the contents of any link belonging to an external website.\n<h4>7. Right of Exclusion<\/h4>\n<strong>Servicios Mec\u00e1nicos Pert SL<\/strong> reserves the right to deny or withdraw access to its website and\/or the services offered without prior notice, at its own request or at the request of a third party, to those users who violate these general terms of use.\n<h4>8. General Provisions<\/h4>\n<strong>Servicios Mec\u00e1nicos Pert SL<\/strong> will pursue the breach of these conditions as well as any improper use of its website, exercising all civil and criminal actions that may correspond by law.\n<h4>9. Applicable Law and Jurisdiction<\/h4>\nThe relationship between <strong>Servicios Mec\u00e1nicos Pert SL<\/strong> and the user will be governed by current Spanish legislation and any dispute will be submitted to the Courts and tribunals of the city of Rub\u00ed.\n<h4>10. Contact<\/h4>\nIf you have any questions about this Legal Notice, you can contact us at <a href=\"mailto:oficina@pertsl.com\">oficina@pertsl.com<\/a>.\t\t\t\t\t\t<\/div>\n\t\t\t\t<\/div>\n\t\t\t\t\t<\/div>\n\t\t\t\t<\/div>\n\t\t\t\t<\/div>\n\t\t","protected":false},"excerpt":{"rendered":"<p>Legal Warning 1. General Information In accordance with the duty of information established in Article 10 of Law 34\/2002, of July 11, on Information Society Services and Electronic Commerce (LSSI-CE), the following general information about this website is provided: Website Owner: Servicios Mec\u00e1nicos Pert SL Address: Carrer Emili Sol\u00e0 i Cort\u00e9s 8, 08191 &#8211; Rub\u00ed, [&hellip;]<\/p>\n","protected":false},"author":1,"featured_media":0,"parent":0,"menu_order":0,"comment_status":"closed","ping_status":"closed","template":"","meta":{"inline_featured_image":false,"_monsterinsights_skip_tracking":false,"_monsterinsights_sitenote_active":false,"_monsterinsights_sitenote_note":"","_monsterinsights_sitenote_category":0,"footnotes":""},"aioseo_notices":[],"_links":{"self":[{"href":"https:\/\/pertsl.com\/index.php?rest_route=\/wp\/v2\/pages\/6708"}],"collection":[{"href":"https:\/\/pertsl.com\/index.php?rest_route=\/wp\/v2\/pages"}],"about":[{"href":"https:\/\/pertsl.com\/index.php?rest_route=\/wp\/v2\/types\/page"}],"author":[{"embeddable":true,"href":"https:\/\/pertsl.com\/index.php?rest_route=\/wp\/v2\/users\/1"}],"replies":[{"embeddable":true,"href":"https:\/\/pertsl.com\/index.php?rest_route=%2Fwp%2Fv2%2Fcomments&post=6708"}],"version-history":[{"count":7,"href":"https:\/\/pertsl.com\/index.php?rest_route=\/wp\/v2\/pages\/6708\/revisions"}],"predecessor-version":[{"id":6716,"href":"https:\/\/pertsl.com\/index.php?rest_route=\/wp\/v2\/pages\/6708\/revisions\/6716"}],"wp:attachment":[{"href":"https:\/\/pertsl.com\/index.php?rest_route=%2Fwp%2Fv2%2Fmedia&parent=6708"}],"curies":[{"name":"wp","href":"https:\/\/api.w.org\/{rel}","templated":true}]}}