{"id":6700,"date":"2024-06-11T09:58:58","date_gmt":"2024-06-11T07:58:58","guid":{"rendered":"https:\/\/pertsl.com\/?page_id=6700"},"modified":"2024-06-12T14:54:14","modified_gmt":"2024-06-12T12:54:14","slug":"avis-legal","status":"publish","type":"page","link":"https:\/\/pertsl.com\/?page_id=6700&lang=ca","title":{"rendered":"Av\u00eds legal"},"content":{"rendered":"\t\t<div data-elementor-type=\"wp-page\" data-elementor-id=\"6700\" class=\"elementor elementor-6700\">\n\t\t\t\t<div class=\"elementor-element elementor-element-74f63f4 e-flex e-con-boxed e-con e-parent\" data-id=\"74f63f4\" data-element_type=\"container\">\n\t\t\t\t\t<div class=\"e-con-inner\">\n\t\t\t\t<div class=\"elementor-element elementor-element-d135171 elementor-widget elementor-widget-heading\" data-id=\"d135171\" data-element_type=\"widget\" data-widget_type=\"heading.default\">\n\t\t\t\t<div class=\"elementor-widget-container\">\n\t\t\t<style>\/*! elementor - v3.21.0 - 26-05-2024 *\/\n.elementor-heading-title{padding:0;margin:0;line-height:1}.elementor-widget-heading .elementor-heading-title[class*=elementor-size-]>a{color:inherit;font-size:inherit;line-height:inherit}.elementor-widget-heading .elementor-heading-title.elementor-size-small{font-size:15px}.elementor-widget-heading .elementor-heading-title.elementor-size-medium{font-size:19px}.elementor-widget-heading .elementor-heading-title.elementor-size-large{font-size:29px}.elementor-widget-heading .elementor-heading-title.elementor-size-xl{font-size:39px}.elementor-widget-heading .elementor-heading-title.elementor-size-xxl{font-size:59px}<\/style><h2 class=\"elementor-heading-title elementor-size-default\">Av\u00eds legal<\/h2>\t\t<\/div>\n\t\t\t\t<\/div>\n\t\t\t\t<div class=\"elementor-element elementor-element-2efcebf elementor-widget elementor-widget-text-editor\" data-id=\"2efcebf\" data-element_type=\"widget\" data-widget_type=\"text-editor.default\">\n\t\t\t\t<div class=\"elementor-widget-container\">\n\t\t\t<style>\/*! elementor - v3.21.0 - 26-05-2024 *\/\n.elementor-widget-text-editor.elementor-drop-cap-view-stacked .elementor-drop-cap{background-color:#69727d;color:#fff}.elementor-widget-text-editor.elementor-drop-cap-view-framed .elementor-drop-cap{color:#69727d;border:3px solid;background-color:transparent}.elementor-widget-text-editor:not(.elementor-drop-cap-view-default) .elementor-drop-cap{margin-top:8px}.elementor-widget-text-editor:not(.elementor-drop-cap-view-default) .elementor-drop-cap-letter{width:1em;height:1em}.elementor-widget-text-editor .elementor-drop-cap{float:left;text-align:center;line-height:1;font-size:50px}.elementor-widget-text-editor .elementor-drop-cap-letter{display:inline-block}<\/style>\t\t\t\t<h4>1. Informaci\u00f3 General<\/h4>\nDe conformitat amb el deure d&#8217;informaci\u00f3 establert a l&#8217;article 10 de la Llei 34\/2002, de 11 de juliol, de Serveis de la Societat de la Informaci\u00f3 i del Comer\u00e7 Electr\u00f2nic (LSSI-CE), es facilita la seg\u00fcent informaci\u00f3 general sobre aquest lloc web:\n<ul>\n \t<li>Titular del Lloc Web: Serveis Mec\u00e0nics Pert SL<\/li>\n \t<li>Domicili: Carrer Emili Sol\u00e0 i Cort\u00e8s 8, 08191 &#8211; Rub\u00ed, Barcelona<\/li>\n \t<li>CIF: <span class=\"text-bodytext-m text-neutrals-700\">B60288404<\/span><\/li>\n \t<li>Correu Electr\u00f2nic: <a href=\"mailto:oficina@pertsl.com\">oficina@pertsl.com<\/a><\/li>\n \t<li>Tel\u00e8fon de Contacte: +34 935 885 049<\/li>\n<\/ul>\n<h4>2. Condicions d&#8217;\u00das<\/h4>\nL&#8217;acc\u00e9s i\/o \u00fas d&#8217;aquest lloc web atribueix la condici\u00f3 d&#8217;usuari, que accepta, des d&#8217;aquest acc\u00e9s i\/o \u00fas, les condicions aqu\u00ed reflectides. Les presents condicions s\u00f3n aplicables independentment de les condicions generals de contractaci\u00f3 que, en el seu cas, resultin d&#8217;obligat compliment.\n<h4>3. Propietat Intel\u00b7lectual i Industrial<\/h4>\n<ul>\n \t<li>Continguts del Lloc Web: Els continguts d&#8217;aquest lloc web, incloent, entre altres, imatges, textos i logotips, s\u00f3n propietat de <strong>Serveis Mec\u00e0nics Pert SL<\/strong> o de tercers que han autoritzat el seu \u00fas.<\/li>\n \t<li>Drets Reservats: Queda prohibida la reproducci\u00f3, distribuci\u00f3 i comunicaci\u00f3 p\u00fablica, inclosa la seva modalitat de posada a disposici\u00f3, de la totalitat o part dels continguts d&#8217;aquest lloc web, amb fins comercials, en qualsevol suport i per qualsevol mitj\u00e0 t\u00e8cnic, sense l&#8217;autoritzaci\u00f3 de <strong>Serveis Mec\u00e0nics Pert SL<\/strong>.<\/li>\n<\/ul>\n<h4>4. Exclusi\u00f3 de Garanties i Responsabilitat<\/h4>\n<strong>Serveis Mec\u00e0nics Pert SL<\/strong> no es fa responsable, en cap cas, dels danys i perjudicis de qualsevol naturalesa que poguessin ocasionar, a t\u00edtol enunciatiu: errors o omissions en els continguts, manca de disponibilitat del lloc web o la transmissi\u00f3 de virus o programes maliciosos o lesius en els continguts, tot i haver adoptat totes les mesures tecnol\u00f2giques necess\u00e0ries per evitar-ho.\n<h4>5. Modificacions<\/h4>\n<strong>Serveis Mec\u00e0nics Pert SL<\/strong> es reserva el dret d&#8217;efectuar sense previ av\u00eds les modificacions que consideri oportunes en el seu lloc web, podent canviar, suprimir o afegir tant els continguts i serveis que es prestin a trav\u00e9s del mateix com la forma en la qual aquests apareguin presentats o localitzats en el seu lloc web.\n<h4>6. Enlla\u00e7os<\/h4>\nEn el cas que al lloc web es disposessin enlla\u00e7os o hipervincles cap a altres llocs d&#8217;Internet, <strong>Serveis Mec\u00e0nics Pert SL<\/strong> no exercir\u00e0 cap tipus de control sobre aquests llocs i continguts. En cap cas <strong>Serveis Mec\u00e0nics Pert SL<\/strong> assumir\u00e0 responsabilitat alguna pels continguts d&#8217;algun enlla\u00e7 pertanyent a un lloc web ali\u00e8.\n<h4>7. Dret d&#8217;Exclusi\u00f3<\/h4>\n<strong>Serveis Mec\u00e0nics Pert SL<\/strong> es reserva el dret a denegar o retirar l&#8217;acc\u00e9s al seu lloc web i\/o els serveis oferts sense necessitat de preav\u00eds, a inst\u00e0ncia pr\u00f2pia o d&#8217;un tercer, a aquells usuaris que incompleixin les presents condicions generals d&#8217;\u00fas.\n<h4>8. Generalitats<\/h4>\n<strong>Serveis Mec\u00e0nics Pert SL<\/strong> perseguir\u00e0 l&#8217;incompliment de les presents condicions aix\u00ed com qualsevol utilitzaci\u00f3 indeguda del seu lloc web exercint totes les accions civils i penals que li puguin correspondre en dret.\n<h4>9. Legislaci\u00f3 Aplicable i Jurisdicci\u00f3<\/h4>\nLa relaci\u00f3 entre <strong>Serveis Mec\u00e0nics Pert SL<\/strong> i l&#8217;usuari es regir\u00e0 per la normativa espanyola vigent i qualsevol controv\u00e8rsia se sotmetr\u00e0 als Jutjats i tribunals de la ciutat de Rub\u00ed.\n<h4>10. Contacte<\/h4>\nSi t\u00e9 alguna pregunta sobre aquest Av\u00eds Legal, pot contactar-nos a <a href=\"mailto:oficina@pertsl.com\">oficina@pertsl.com<\/a>.\t\t\t\t\t\t<\/div>\n\t\t\t\t<\/div>\n\t\t\t\t\t<\/div>\n\t\t\t\t<\/div>\n\t\t\t\t<\/div>\n\t\t","protected":false},"excerpt":{"rendered":"<p>Av\u00eds legal 1. Informaci\u00f3 General De conformitat amb el deure d&#8217;informaci\u00f3 establert a l&#8217;article 10 de la Llei 34\/2002, de 11 de juliol, de Serveis de la Societat de la Informaci\u00f3 i del Comer\u00e7 Electr\u00f2nic (LSSI-CE), es facilita la seg\u00fcent informaci\u00f3 general sobre aquest lloc web: Titular del Lloc Web: Serveis Mec\u00e0nics Pert SL Domicili: [&hellip;]<\/p>\n","protected":false},"author":1,"featured_media":0,"parent":0,"menu_order":0,"comment_status":"closed","ping_status":"closed","template":"","meta":{"inline_featured_image":false,"_monsterinsights_skip_tracking":false,"_monsterinsights_sitenote_active":false,"_monsterinsights_sitenote_note":"","_monsterinsights_sitenote_category":0,"footnotes":""},"aioseo_notices":[],"_links":{"self":[{"href":"https:\/\/pertsl.com\/index.php?rest_route=\/wp\/v2\/pages\/6700"}],"collection":[{"href":"https:\/\/pertsl.com\/index.php?rest_route=\/wp\/v2\/pages"}],"about":[{"href":"https:\/\/pertsl.com\/index.php?rest_route=\/wp\/v2\/types\/page"}],"author":[{"embeddable":true,"href":"https:\/\/pertsl.com\/index.php?rest_route=\/wp\/v2\/users\/1"}],"replies":[{"embeddable":true,"href":"https:\/\/pertsl.com\/index.php?rest_route=%2Fwp%2Fv2%2Fcomments&post=6700"}],"version-history":[{"count":4,"href":"https:\/\/pertsl.com\/index.php?rest_route=\/wp\/v2\/pages\/6700\/revisions"}],"predecessor-version":[{"id":6706,"href":"https:\/\/pertsl.com\/index.php?rest_route=\/wp\/v2\/pages\/6700\/revisions\/6706"}],"wp:attachment":[{"href":"https:\/\/pertsl.com\/index.php?rest_route=%2Fwp%2Fv2%2Fmedia&parent=6700"}],"curies":[{"name":"wp","href":"https:\/\/api.w.org\/{rel}","templated":true}]}}