{"id":6686,"date":"2024-06-11T09:58:58","date_gmt":"2024-06-11T07:58:58","guid":{"rendered":"https:\/\/pertsl.com\/?page_id=6686"},"modified":"2024-06-12T15:10:46","modified_gmt":"2024-06-12T13:10:46","slug":"aviso-legal","status":"publish","type":"page","link":"https:\/\/pertsl.com\/?page_id=6686","title":{"rendered":"Aviso legal"},"content":{"rendered":"\t\t<div data-elementor-type=\"wp-page\" data-elementor-id=\"6686\" class=\"elementor elementor-6686\">\n\t\t\t\t<div class=\"elementor-element elementor-element-74f63f4 e-flex e-con-boxed e-con e-parent\" data-id=\"74f63f4\" data-element_type=\"container\">\n\t\t\t\t\t<div class=\"e-con-inner\">\n\t\t\t\t<div class=\"elementor-element elementor-element-d135171 elementor-widget elementor-widget-heading\" data-id=\"d135171\" data-element_type=\"widget\" data-widget_type=\"heading.default\">\n\t\t\t\t<div class=\"elementor-widget-container\">\n\t\t\t<style>\/*! elementor - v3.21.0 - 26-05-2024 *\/\n.elementor-heading-title{padding:0;margin:0;line-height:1}.elementor-widget-heading .elementor-heading-title[class*=elementor-size-]>a{color:inherit;font-size:inherit;line-height:inherit}.elementor-widget-heading .elementor-heading-title.elementor-size-small{font-size:15px}.elementor-widget-heading .elementor-heading-title.elementor-size-medium{font-size:19px}.elementor-widget-heading .elementor-heading-title.elementor-size-large{font-size:29px}.elementor-widget-heading .elementor-heading-title.elementor-size-xl{font-size:39px}.elementor-widget-heading .elementor-heading-title.elementor-size-xxl{font-size:59px}<\/style><h2 class=\"elementor-heading-title elementor-size-default\">Aviso legal<\/h2>\t\t<\/div>\n\t\t\t\t<\/div>\n\t\t\t\t<div class=\"elementor-element elementor-element-2efcebf elementor-widget elementor-widget-text-editor\" data-id=\"2efcebf\" data-element_type=\"widget\" data-widget_type=\"text-editor.default\">\n\t\t\t\t<div class=\"elementor-widget-container\">\n\t\t\t<style>\/*! elementor - v3.21.0 - 26-05-2024 *\/\n.elementor-widget-text-editor.elementor-drop-cap-view-stacked .elementor-drop-cap{background-color:#69727d;color:#fff}.elementor-widget-text-editor.elementor-drop-cap-view-framed .elementor-drop-cap{color:#69727d;border:3px solid;background-color:transparent}.elementor-widget-text-editor:not(.elementor-drop-cap-view-default) .elementor-drop-cap{margin-top:8px}.elementor-widget-text-editor:not(.elementor-drop-cap-view-default) .elementor-drop-cap-letter{width:1em;height:1em}.elementor-widget-text-editor .elementor-drop-cap{float:left;text-align:center;line-height:1;font-size:50px}.elementor-widget-text-editor .elementor-drop-cap-letter{display:inline-block}<\/style>\t\t\t\t<h4>1. Informaci\u00f3n General<\/h4><p>De conformidad con el deber de informaci\u00f3n establecido en el art\u00edculo 10 de la Ley 34\/2002, de 11 de julio, de Servicios de la Sociedad de la Informaci\u00f3n y del Comercio Electr\u00f3nico (LSSI-CE), se facilita la siguiente informaci\u00f3n general sobre este sitio web:<\/p><ul><li>Titular del Sitio Web: Servicios Mec\u00e1nicos Pert SL<\/li><li>Domicilio: Carrer Emili Sol\u00e0 i Cort\u00e9s 8, 08191 &#8211; Rub\u00ed, Barcelona<\/li><li>CIF: <span class=\"text-bodytext-m text-neutrals-700\">B60288404<\/span><\/li><li>Correo Electr\u00f3nico: <a href=\"mailto:oficina@pertsl.com\">oficina@pertsl.com<\/a><\/li><li>Tel\u00e9fono de Contacto: +34 935 885 049<\/li><\/ul><h4>2. Condiciones de Uso<\/h4><p>El acceso y\/o uso de este sitio web atribuye la condici\u00f3n de usuario, que acepta, desde dicho acceso y\/o uso, las condiciones aqu\u00ed reflejadas. Las presentes condiciones son aplicables independientemente de las condiciones generales de contrataci\u00f3n que, en su caso, resulten de obligado cumplimiento.<\/p><h4>3. Propiedad Intelectual e Industrial<\/h4><ul><li>Contenidos del Sitio Web: Los contenidos de este sitio web, incluyendo, entre otros, im\u00e1genes, textos y logotipos, son propiedad de <strong>Servicios Mec\u00e1nicos Pert SL<\/strong> o de terceros que han autorizado su uso.<\/li><li>Derechos Reservados: Queda prohibida la reproducci\u00f3n, distribuci\u00f3n y comunicaci\u00f3n p\u00fablica, incluida su modalidad de puesta a disposici\u00f3n, de la totalidad o parte de los contenidos de este sitio web, con fines comerciales, en cualquier soporte y por cualquier medio t\u00e9cnico, sin la autorizaci\u00f3n de <strong>Servicios Mec\u00e1nicos Pert SL<\/strong>.<\/li><\/ul><h4>4. Exclusi\u00f3n de Garant\u00edas y Responsabilidad<\/h4><p><strong>Servicios Mec\u00e1nicos Pert SL<\/strong> no se hace responsable, en ning\u00fan caso, de los da\u00f1os y perjuicios de cualquier naturaleza que pudieran ocasionar, a t\u00edtulo enunciativo: errores u omisiones en los contenidos, falta de disponibilidad del sitio web o la transmisi\u00f3n de virus o programas maliciosos o lesivos en los contenidos, a pesar de haber adoptado todas las medidas tecnol\u00f3gicas necesarias para evitarlo.<\/p><h4>5. Modificaciones<\/h4><p><strong>Servicios Mec\u00e1nicos Pert SL<\/strong> se reserva el derecho de efectuar sin previo aviso las modificaciones que considere oportunas en su sitio web, pudiendo cambiar, suprimir o a\u00f1adir tanto los contenidos y servicios que se presten a trav\u00e9s del mismo como la forma en la que estos aparezcan presentados o localizados en su sitio web.<\/p><h4>6. Enlaces<\/h4><p>En el caso de que en el sitio web se dispusiesen enlaces o hiperv\u00ednculos hac\u00eda otros sitios de Internet, <strong>Servicios Mec\u00e1nicos Pert SL<\/strong> no ejercer\u00e1 ning\u00fan tipo de control sobre dichos sitios y contenidos. En ning\u00fan caso <strong>Servicios Mec\u00e1nicos Pert SL<\/strong> asumir\u00e1 responsabilidad alguna por los contenidos de alg\u00fan enlace perteneciente a un sitio web ajeno.<\/p><h4>7. Derecho de Exclusi\u00f3n<\/h4><p><strong>Servicios Mec\u00e1nicos Pert SL<\/strong> se reserva el derecho a denegar o retirar el acceso a su sitio web y\/o los servicios ofrecidos sin necesidad de preaviso, a instancia propia o de un tercero, a aquellos usuarios que incumplan las presentes condiciones generales de uso.<\/p><h4>8. Generalidades<\/h4><p><strong>Servicios Mec\u00e1nicos Pert SL<\/strong> perseguir\u00e1 el incumplimiento de las presentes condiciones as\u00ed como cualquier utilizaci\u00f3n indebida de su sitio web ejerciendo todas las acciones civiles y penales que le puedan corresponder en derecho.<\/p><h4>9. Legislaci\u00f3n Aplicable y Jurisdicci\u00f3n<\/h4><p>La relaci\u00f3n entre <strong>Servicios Mec\u00e1nicos Pert SL<\/strong> y el usuario se regir\u00e1 por la normativa espa\u00f1ola vigente y cualquier controversia se someter\u00e1 a los Juzgados y tribunales de la ciudad de Rub\u00ed.<\/p><h4>10. Contacto<\/h4><p>Si tiene alguna pregunta sobre este Aviso Legal, puede contactarnos en <a href=\"mailto:oficina@pertsl.com\">oficina@pertsl.com<\/a>.<\/p>\t\t\t\t\t\t<\/div>\n\t\t\t\t<\/div>\n\t\t\t\t\t<\/div>\n\t\t\t\t<\/div>\n\t\t\t\t<\/div>\n\t\t","protected":false},"excerpt":{"rendered":"<p>Aviso legal 1. Informaci\u00f3n General De conformidad con el deber de informaci\u00f3n establecido en el art\u00edculo 10 de la Ley 34\/2002, de 11 de julio, de Servicios de la Sociedad de la Informaci\u00f3n y del Comercio Electr\u00f3nico (LSSI-CE), se facilita la siguiente informaci\u00f3n general sobre este sitio web: Titular del Sitio Web: Servicios Mec\u00e1nicos Pert [&hellip;]<\/p>\n","protected":false},"author":1,"featured_media":0,"parent":0,"menu_order":0,"comment_status":"closed","ping_status":"closed","template":"","meta":{"inline_featured_image":false,"_monsterinsights_skip_tracking":false,"_monsterinsights_sitenote_active":false,"_monsterinsights_sitenote_note":"","_monsterinsights_sitenote_category":0,"footnotes":""},"aioseo_notices":[],"_links":{"self":[{"href":"https:\/\/pertsl.com\/index.php?rest_route=\/wp\/v2\/pages\/6686"}],"collection":[{"href":"https:\/\/pertsl.com\/index.php?rest_route=\/wp\/v2\/pages"}],"about":[{"href":"https:\/\/pertsl.com\/index.php?rest_route=\/wp\/v2\/types\/page"}],"author":[{"embeddable":true,"href":"https:\/\/pertsl.com\/index.php?rest_route=\/wp\/v2\/users\/1"}],"replies":[{"embeddable":true,"href":"https:\/\/pertsl.com\/index.php?rest_route=%2Fwp%2Fv2%2Fcomments&post=6686"}],"version-history":[{"count":10,"href":"https:\/\/pertsl.com\/index.php?rest_route=\/wp\/v2\/pages\/6686\/revisions"}],"predecessor-version":[{"id":6727,"href":"https:\/\/pertsl.com\/index.php?rest_route=\/wp\/v2\/pages\/6686\/revisions\/6727"}],"wp:attachment":[{"href":"https:\/\/pertsl.com\/index.php?rest_route=%2Fwp%2Fv2%2Fmedia&parent=6686"}],"curies":[{"name":"wp","href":"https:\/\/api.w.org\/{rel}","templated":true}]}}