{"id":6679,"date":"2024-06-11T09:49:47","date_gmt":"2024-06-11T07:49:47","guid":{"rendered":"https:\/\/pertsl.com\/?page_id=6679"},"modified":"2024-06-11T09:56:02","modified_gmt":"2024-06-11T07:56:02","slug":"politica-de-cookies","status":"publish","type":"page","link":"https:\/\/pertsl.com\/?page_id=6679","title":{"rendered":"Pol\u00edtica de cookies"},"content":{"rendered":"\t\t<div data-elementor-type=\"wp-page\" data-elementor-id=\"6679\" class=\"elementor elementor-6679\">\n\t\t\t\t<div class=\"elementor-element elementor-element-709e840 e-flex e-con-boxed e-con e-parent\" data-id=\"709e840\" data-element_type=\"container\">\n\t\t\t\t\t<div class=\"e-con-inner\">\n\t\t\t\t<div class=\"elementor-element elementor-element-8a94ae6 elementor-widget elementor-widget-heading\" data-id=\"8a94ae6\" data-element_type=\"widget\" data-widget_type=\"heading.default\">\n\t\t\t\t<div class=\"elementor-widget-container\">\n\t\t\t<style>\/*! elementor - v3.21.0 - 26-05-2024 *\/\n.elementor-heading-title{padding:0;margin:0;line-height:1}.elementor-widget-heading .elementor-heading-title[class*=elementor-size-]>a{color:inherit;font-size:inherit;line-height:inherit}.elementor-widget-heading .elementor-heading-title.elementor-size-small{font-size:15px}.elementor-widget-heading .elementor-heading-title.elementor-size-medium{font-size:19px}.elementor-widget-heading .elementor-heading-title.elementor-size-large{font-size:29px}.elementor-widget-heading .elementor-heading-title.elementor-size-xl{font-size:39px}.elementor-widget-heading .elementor-heading-title.elementor-size-xxl{font-size:59px}<\/style><h2 class=\"elementor-heading-title elementor-size-default\">Pol\u00edtica de cookies<\/h2>\t\t<\/div>\n\t\t\t\t<\/div>\n\t\t\t\t<div class=\"elementor-element elementor-element-019c469 elementor-widget elementor-widget-text-editor\" data-id=\"019c469\" data-element_type=\"widget\" data-widget_type=\"text-editor.default\">\n\t\t\t\t<div class=\"elementor-widget-container\">\n\t\t\t<style>\/*! elementor - v3.21.0 - 26-05-2024 *\/\n.elementor-widget-text-editor.elementor-drop-cap-view-stacked .elementor-drop-cap{background-color:#69727d;color:#fff}.elementor-widget-text-editor.elementor-drop-cap-view-framed .elementor-drop-cap{color:#69727d;border:3px solid;background-color:transparent}.elementor-widget-text-editor:not(.elementor-drop-cap-view-default) .elementor-drop-cap{margin-top:8px}.elementor-widget-text-editor:not(.elementor-drop-cap-view-default) .elementor-drop-cap-letter{width:1em;height:1em}.elementor-widget-text-editor .elementor-drop-cap{float:left;text-align:center;line-height:1;font-size:50px}.elementor-widget-text-editor .elementor-drop-cap-letter{display:inline-block}<\/style>\t\t\t\t<h4>1. Introducci\u00f3n<\/h4><p>Este sitio web, operado por <strong>Servicios Mec\u00e1nicos Pert SL<\/strong>, utiliza cookies para mejorar la experiencia del usuario. Esta Pol\u00edtica de Cookies explica qu\u00e9 cookies utilizamos y c\u00f3mo puede gestionarlas.<\/p><h4>2. \u00bfQu\u00e9 Son las Cookies?<\/h4><p>Las cookies son peque\u00f1os archivos de texto que se almacenan en su dispositivo cuando visita nuestro sitio web. Utilizamos cookies para asegurarnos de que el sitio funcione correctamente y para analizar el tr\u00e1fico del sitio.<\/p><h4>3. Tipos de Cookies que Utilizamos<\/h4><ul><li>Cookies Esenciales: Necesarias para el funcionamiento b\u00e1sico del sitio web. Estas cookies no recopilan informaci\u00f3n personal.<\/li><li>Cookies Anal\u00edticas: Utilizadas para analizar el tr\u00e1fico del sitio y mejorar su rendimiento. No se utilizan para identificar a los usuarios.<\/li><\/ul><h4>4. Gesti\u00f3n de Cookies<\/h4><p>Puede gestionar o desactivar las cookies a trav\u00e9s de la configuraci\u00f3n de su navegador. Tenga en cuenta que desactivar las cookies esenciales puede afectar la funcionalidad del sitio web.<\/p><h4>5. Cambios a Esta Pol\u00edtica<\/h4><p>Nos reservamos el derecho de actualizar esta Pol\u00edtica de Cookies. Publicaremos cualquier cambio en esta p\u00e1gina.<\/p><h4>6. Contacto<\/h4><p>Para cualquier consulta relacionada con esta Pol\u00edtica de Cookies, puede contactarnos en <a href=\"mailto:compras@pertsl.com\">compras@pertsl.com<\/a>.<\/p>\t\t\t\t\t\t<\/div>\n\t\t\t\t<\/div>\n\t\t\t\t\t<\/div>\n\t\t\t\t<\/div>\n\t\t\t\t<\/div>\n\t\t","protected":false},"excerpt":{"rendered":"<p>Pol\u00edtica de cookies 1. Introducci\u00f3n Este sitio web, operado por Servicios Mec\u00e1nicos Pert SL, utiliza cookies para mejorar la experiencia del usuario. Esta Pol\u00edtica de Cookies explica qu\u00e9 cookies utilizamos y c\u00f3mo puede gestionarlas. 2. \u00bfQu\u00e9 Son las Cookies? Las cookies son peque\u00f1os archivos de texto que se almacenan en su dispositivo cuando visita nuestro [&hellip;]<\/p>\n","protected":false},"author":1,"featured_media":0,"parent":0,"menu_order":0,"comment_status":"closed","ping_status":"closed","template":"","meta":{"inline_featured_image":false,"_monsterinsights_skip_tracking":false,"_monsterinsights_sitenote_active":false,"_monsterinsights_sitenote_note":"","_monsterinsights_sitenote_category":0,"footnotes":""},"aioseo_notices":[],"_links":{"self":[{"href":"https:\/\/pertsl.com\/index.php?rest_route=\/wp\/v2\/pages\/6679"}],"collection":[{"href":"https:\/\/pertsl.com\/index.php?rest_route=\/wp\/v2\/pages"}],"about":[{"href":"https:\/\/pertsl.com\/index.php?rest_route=\/wp\/v2\/types\/page"}],"author":[{"embeddable":true,"href":"https:\/\/pertsl.com\/index.php?rest_route=\/wp\/v2\/users\/1"}],"replies":[{"embeddable":true,"href":"https:\/\/pertsl.com\/index.php?rest_route=%2Fwp%2Fv2%2Fcomments&post=6679"}],"version-history":[{"count":4,"href":"https:\/\/pertsl.com\/index.php?rest_route=\/wp\/v2\/pages\/6679\/revisions"}],"predecessor-version":[{"id":6685,"href":"https:\/\/pertsl.com\/index.php?rest_route=\/wp\/v2\/pages\/6679\/revisions\/6685"}],"wp:attachment":[{"href":"https:\/\/pertsl.com\/index.php?rest_route=%2Fwp%2Fv2%2Fmedia&parent=6679"}],"curies":[{"name":"wp","href":"https:\/\/api.w.org\/{rel}","templated":true}]}}