{"id":6662,"date":"2024-06-11T09:31:50","date_gmt":"2024-06-11T07:31:50","guid":{"rendered":"https:\/\/pertsl.com\/?page_id=6662"},"modified":"2024-06-11T09:49:20","modified_gmt":"2024-06-11T07:49:20","slug":"politica-de-privacidad","status":"publish","type":"page","link":"https:\/\/pertsl.com\/?page_id=6662","title":{"rendered":"Pol\u00edtica de privacidad"},"content":{"rendered":"\t\t<div data-elementor-type=\"wp-page\" data-elementor-id=\"6662\" class=\"elementor elementor-6662\">\n\t\t\t\t<div class=\"elementor-element elementor-element-0e5d88b e-flex e-con-boxed e-con e-parent\" data-id=\"0e5d88b\" data-element_type=\"container\">\n\t\t\t\t\t<div class=\"e-con-inner\">\n\t\t\t\t<div class=\"elementor-element elementor-element-b9414fc elementor-widget elementor-widget-heading\" data-id=\"b9414fc\" data-element_type=\"widget\" data-widget_type=\"heading.default\">\n\t\t\t\t<div class=\"elementor-widget-container\">\n\t\t\t<style>\/*! elementor - v3.21.0 - 26-05-2024 *\/\n.elementor-heading-title{padding:0;margin:0;line-height:1}.elementor-widget-heading .elementor-heading-title[class*=elementor-size-]>a{color:inherit;font-size:inherit;line-height:inherit}.elementor-widget-heading .elementor-heading-title.elementor-size-small{font-size:15px}.elementor-widget-heading .elementor-heading-title.elementor-size-medium{font-size:19px}.elementor-widget-heading .elementor-heading-title.elementor-size-large{font-size:29px}.elementor-widget-heading .elementor-heading-title.elementor-size-xl{font-size:39px}.elementor-widget-heading .elementor-heading-title.elementor-size-xxl{font-size:59px}<\/style><h2 class=\"elementor-heading-title elementor-size-default\">Pol\u00edtica de privacidad<\/h2>\t\t<\/div>\n\t\t\t\t<\/div>\n\t\t\t\t<div class=\"elementor-element elementor-element-d124f33 elementor-widget elementor-widget-text-editor\" data-id=\"d124f33\" data-element_type=\"widget\" data-widget_type=\"text-editor.default\">\n\t\t\t\t<div class=\"elementor-widget-container\">\n\t\t\t<style>\/*! elementor - v3.21.0 - 26-05-2024 *\/\n.elementor-widget-text-editor.elementor-drop-cap-view-stacked .elementor-drop-cap{background-color:#69727d;color:#fff}.elementor-widget-text-editor.elementor-drop-cap-view-framed .elementor-drop-cap{color:#69727d;border:3px solid;background-color:transparent}.elementor-widget-text-editor:not(.elementor-drop-cap-view-default) .elementor-drop-cap{margin-top:8px}.elementor-widget-text-editor:not(.elementor-drop-cap-view-default) .elementor-drop-cap-letter{width:1em;height:1em}.elementor-widget-text-editor .elementor-drop-cap{float:left;text-align:center;line-height:1;font-size:50px}.elementor-widget-text-editor .elementor-drop-cap-letter{display:inline-block}<\/style>\t\t\t\t<h4>1. Introducci\u00f3n<\/h4><p>Este sitio web, operado por <strong><span class=\"text-bodytext-m text-neutrals-700\">Servicios Mecanicos Pert SL<\/span><\/strong>, no recopila ni almacena datos personales de los usuarios. Esta pol\u00edtica explica nuestra postura respecto a la privacidad y la seguridad de los datos en nuestro sitio web.<\/p><h4>2. Informaci\u00f3n que Recopilamos<\/h4><p>No recopilamos datos personales de los visitantes de nuestro sitio web. No utilizamos formularios de contacto, registros, ni ning\u00fan otro m\u00e9todo para recoger informaci\u00f3n personal.<\/p><h4>3. Uso de la Informaci\u00f3n<\/h4><p>Dado que no recopilamos informaci\u00f3n personal, no utilizamos ni compartimos informaci\u00f3n personal de ninguna manera.<\/p><h4>4. Seguridad de la Informaci\u00f3n<\/h4><p>Aunque no recopilamos datos personales, nos comprometemos a mantener un sitio web seguro y libre de amenazas cibern\u00e9ticas.<\/p><h4>5. Cambios a Esta Pol\u00edtica<\/h4><p>Nos reservamos el derecho de actualizar esta Pol\u00edtica de Privacidad en cualquier momento. Publicaremos cualquier cambio en esta p\u00e1gina.<\/p><h4>6. Contacto<\/h4><p>Para cualquier consulta relacionada con esta Pol\u00edtica de Privacidad, puede contactarnos en <a href=\"mailto:oficina@pertsl.com\">oficina@pertsl.com<\/a>.<\/p>\t\t\t\t\t\t<\/div>\n\t\t\t\t<\/div>\n\t\t\t\t\t<\/div>\n\t\t\t\t<\/div>\n\t\t\t\t<\/div>\n\t\t","protected":false},"excerpt":{"rendered":"<p>Pol\u00edtica de privacidad 1. Introducci\u00f3n Este sitio web, operado por Servicios Mecanicos Pert SL, no recopila ni almacena datos personales de los usuarios. Esta pol\u00edtica explica nuestra postura respecto a la privacidad y la seguridad de los datos en nuestro sitio web. 2. Informaci\u00f3n que Recopilamos No recopilamos datos personales de los visitantes de nuestro [&hellip;]<\/p>\n","protected":false},"author":1,"featured_media":0,"parent":0,"menu_order":0,"comment_status":"closed","ping_status":"closed","template":"","meta":{"inline_featured_image":false,"_monsterinsights_skip_tracking":false,"_monsterinsights_sitenote_active":false,"_monsterinsights_sitenote_note":"","_monsterinsights_sitenote_category":0,"footnotes":""},"aioseo_notices":[],"_links":{"self":[{"href":"https:\/\/pertsl.com\/index.php?rest_route=\/wp\/v2\/pages\/6662"}],"collection":[{"href":"https:\/\/pertsl.com\/index.php?rest_route=\/wp\/v2\/pages"}],"about":[{"href":"https:\/\/pertsl.com\/index.php?rest_route=\/wp\/v2\/types\/page"}],"author":[{"embeddable":true,"href":"https:\/\/pertsl.com\/index.php?rest_route=\/wp\/v2\/users\/1"}],"replies":[{"embeddable":true,"href":"https:\/\/pertsl.com\/index.php?rest_route=%2Fwp%2Fv2%2Fcomments&post=6662"}],"version-history":[{"count":13,"href":"https:\/\/pertsl.com\/index.php?rest_route=\/wp\/v2\/pages\/6662\/revisions"}],"predecessor-version":[{"id":6678,"href":"https:\/\/pertsl.com\/index.php?rest_route=\/wp\/v2\/pages\/6662\/revisions\/6678"}],"wp:attachment":[{"href":"https:\/\/pertsl.com\/index.php?rest_route=%2Fwp%2Fv2%2Fmedia&parent=6662"}],"curies":[{"name":"wp","href":"https:\/\/api.w.org\/{rel}","templated":true}]}}