{"id":6547,"date":"2024-04-22T20:03:45","date_gmt":"2024-04-22T18:03:45","guid":{"rendered":"https:\/\/pertsl.com\/?page_id=6547"},"modified":"2024-06-09T20:35:53","modified_gmt":"2024-06-09T18:35:53","slug":"equipements-sous-pression","status":"publish","type":"page","link":"https:\/\/pertsl.com\/?page_id=6547&lang=fr","title":{"rendered":"\u00c9quipements sous pression"},"content":{"rendered":"\t\t<div data-elementor-type=\"wp-page\" data-elementor-id=\"6547\" class=\"elementor elementor-6547\">\n\t\t\t\t<div class=\"elementor-element elementor-element-7a3d4b1 e-flex e-con-boxed e-con e-parent\" data-id=\"7a3d4b1\" data-element_type=\"container\">\n\t\t\t\t\t<div class=\"e-con-inner\">\n\t\t<div class=\"elementor-element elementor-element-609b853 e-con-full e-flex e-con e-child\" data-id=\"609b853\" data-element_type=\"container\">\n\t\t\t\t<div class=\"elementor-element elementor-element-2671219 elementor-widget elementor-widget-qi_addons_for_elementor_timeline\" data-id=\"2671219\" data-element_type=\"widget\" data-widget_type=\"qi_addons_for_elementor_timeline.default\">\n\t\t\t\t<div class=\"elementor-widget-container\">\n\t\t\t<div class=\"qodef-shortcode qodef-m  qodef-qi-timeline qodef-timeline--vertical  qodef-timeline-layout--vertical-side qodef-line--outside qodef-point--standard qodef-qi--has-appear  \">\n\t<div class=\"qodef-e qodef-e-item  elementor-repeater-item-45ea5c7 qodef-obverse\">\n\t<div class=\"qodef-e-line-holder\">\n\t\t<span class=\"qodef-e-line\"><\/span>\n\t<\/div>\n\t<div class=\"qodef-e-item-inner\">\n\t\t<div class=\"qodef-e-point-holder\">\n\t\t\t<div class=\"qodef-e-point\">\n\t\t\t\t\t\t\t<\/div>\n\t\t<\/div>\n\t\t<div class=\"qodef-e-item-content\">\n\t\t\t<div class=\"qodef-e-side-holder\">\n\t\t\t\t<div class=\"qodef-e-image\">\n\t<img decoding=\"async\" src=\"https:\/\/pertsl.com\/wp-content\/uploads\/2023\/12\/qi-addons-for-elementor-placeholder.png\" class=\"attachment-full size-full\" alt=\"\" \/><\/div>\n\t\t\t<\/div>\n\t\t\t<div class=\"qodef-e-content-holder\">\n\t\t\t\t\t\t\t\t\t<h4 class=\"qodef-e-title\">\n\t\tConception\t\t<\/h4>\n\t\t\t\t\t\t\t\t<\/div>\n\t\t<\/div>\n\t<\/div>\n<\/div>\n<div class=\"qodef-e qodef-e-item  elementor-repeater-item-e5d81df qodef-reverse\">\n\t<div class=\"qodef-e-line-holder\">\n\t\t<span class=\"qodef-e-line\"><\/span>\n\t<\/div>\n\t<div class=\"qodef-e-item-inner\">\n\t\t<div class=\"qodef-e-point-holder\">\n\t\t\t<div class=\"qodef-e-point\">\n\t\t\t\t\t\t\t<\/div>\n\t\t<\/div>\n\t\t<div class=\"qodef-e-item-content\">\n\t\t\t<div class=\"qodef-e-side-holder\">\n\t\t\t\t<div class=\"qodef-e-image\">\n\t<img decoding=\"async\" src=\"https:\/\/pertsl.com\/wp-content\/uploads\/2023\/12\/qi-addons-for-elementor-placeholder.png\" class=\"attachment-full size-full\" alt=\"\" \/><\/div>\n\t\t\t<\/div>\n\t\t\t<div class=\"qodef-e-content-holder\">\n\t\t\t\t\t\t\t\t\t<h4 class=\"qodef-e-title\">\n\t\tProjet\t\t<\/h4>\n\t\t\t\t\t\t\t\t<\/div>\n\t\t<\/div>\n\t<\/div>\n<\/div>\n<div class=\"qodef-e qodef-e-item  elementor-repeater-item-58873e5 qodef-obverse\">\n\t<div class=\"qodef-e-line-holder\">\n\t\t<span class=\"qodef-e-line\"><\/span>\n\t<\/div>\n\t<div class=\"qodef-e-item-inner\">\n\t\t<div class=\"qodef-e-point-holder\">\n\t\t\t<div class=\"qodef-e-point\">\n\t\t\t\t\t\t\t<\/div>\n\t\t<\/div>\n\t\t<div class=\"qodef-e-item-content\">\n\t\t\t<div class=\"qodef-e-side-holder\">\n\t\t\t\t<div class=\"qodef-e-image\">\n\t<img decoding=\"async\" src=\"https:\/\/pertsl.com\/wp-content\/uploads\/2023\/12\/qi-addons-for-elementor-placeholder.png\" class=\"attachment-full size-full\" alt=\"\" \/><\/div>\n\t\t\t<\/div>\n\t\t\t<div class=\"qodef-e-content-holder\">\n\t\t\t\t\t\t\t\t\t<h4 class=\"qodef-e-title\">\n\t\tCalculs justificatifs\t\t<\/h4>\n\t\t\t\t\t\t\t\t<\/div>\n\t\t<\/div>\n\t<\/div>\n<\/div>\n<div class=\"qodef-e qodef-e-item  elementor-repeater-item-cd2d243 qodef-reverse\">\n\t<div class=\"qodef-e-line-holder\">\n\t\t<span class=\"qodef-e-line\"><\/span>\n\t<\/div>\n\t<div class=\"qodef-e-item-inner\">\n\t\t<div class=\"qodef-e-point-holder\">\n\t\t\t<div class=\"qodef-e-point\">\n\t\t\t\t\t\t\t<\/div>\n\t\t<\/div>\n\t\t<div class=\"qodef-e-item-content\">\n\t\t\t<div class=\"qodef-e-side-holder\">\n\t\t\t\t<div class=\"qodef-e-image\">\n\t<img decoding=\"async\" src=\"https:\/\/pertsl.com\/wp-content\/uploads\/2023\/12\/qi-addons-for-elementor-placeholder.png\" class=\"attachment-full size-full\" alt=\"\" \/><\/div>\n\t\t\t<\/div>\n\t\t\t<div class=\"qodef-e-content-holder\">\n\t\t\t\t\t\t\t\t\t<h4 class=\"qodef-e-title\">\n\t\tEssais non destructifs\t\t<\/h4>\n\t\t\t\t\t\t\t\t<\/div>\n\t\t<\/div>\n\t<\/div>\n<\/div>\n<div class=\"qodef-e qodef-e-item  elementor-repeater-item-ad31502 qodef-obverse\">\n\t<div class=\"qodef-e-line-holder\">\n\t\t<span class=\"qodef-e-line\"><\/span>\n\t<\/div>\n\t<div class=\"qodef-e-item-inner\">\n\t\t<div class=\"qodef-e-point-holder\">\n\t\t\t<div class=\"qodef-e-point\">\n\t\t\t\t\t\t\t<\/div>\n\t\t<\/div>\n\t\t<div class=\"qodef-e-item-content\">\n\t\t\t<div class=\"qodef-e-side-holder\">\n\t\t\t\t<div class=\"qodef-e-image\">\n\t<img decoding=\"async\" src=\"https:\/\/pertsl.com\/wp-content\/uploads\/2023\/12\/qi-addons-for-elementor-placeholder.png\" class=\"attachment-full size-full\" alt=\"\" \/><\/div>\n\t\t\t<\/div>\n\t\t\t<div class=\"qodef-e-content-holder\">\n\t\t\t\t\t\t\t\t\t<h4 class=\"qodef-e-title\">\n\t\tIntervention de l\u2019organisme notifi\u00e9\t\t<\/h4>\n\t\t\t\t\t\t\t\t<\/div>\n\t\t<\/div>\n\t<\/div>\n<\/div>\n<div class=\"qodef-e qodef-e-item  elementor-repeater-item-0a461c7 qodef-reverse\">\n\t<div class=\"qodef-e-line-holder\">\n\t\t<span class=\"qodef-e-line\"><\/span>\n\t<\/div>\n\t<div class=\"qodef-e-item-inner\">\n\t\t<div class=\"qodef-e-point-holder\">\n\t\t\t<div class=\"qodef-e-point\">\n\t\t\t\t\t\t\t<\/div>\n\t\t<\/div>\n\t\t<div class=\"qodef-e-item-content\">\n\t\t\t<div class=\"qodef-e-side-holder\">\n\t\t\t\t<div class=\"qodef-e-image\">\n\t<img decoding=\"async\" src=\"https:\/\/pertsl.com\/wp-content\/uploads\/2023\/12\/qi-addons-for-elementor-placeholder.png\" class=\"attachment-full size-full\" alt=\"\" \/><\/div>\n\t\t\t<\/div>\n\t\t\t<div class=\"qodef-e-content-holder\">\n\t\t\t\t\t\t\t\t\t<h4 class=\"qodef-e-title\">\n\t\tMarquage CE\t\t<\/h4>\n\t\t\t\t\t\t\t\t<\/div>\n\t\t<\/div>\n\t<\/div>\n<\/div>\n<\/div>\n\t\t<\/div>\n\t\t\t\t<\/div>\n\t\t\t\t<\/div>\n\t\t<div class=\"elementor-element elementor-element-1cdd660 e-con-full e-flex e-con e-child\" data-id=\"1cdd660\" data-element_type=\"container\">\n\t\t\t\t<div class=\"elementor-element elementor-element-5b6730e elementor-widget elementor-widget-stal_core_section_title\" data-id=\"5b6730e\" data-element_type=\"widget\" data-widget_type=\"stal_core_section_title.default\">\n\t\t\t\t<div class=\"elementor-widget-container\">\n\t\t\t<div class=\"qodef-shortcode qodef-m  qodef-section-title qodef-alignment--left  \">\n\t\t<div class=\"qodef-m-title-wrap\">\n\t\t<h2 class=\"qodef-m-title\" >\n\t\t\t\t\tService 360\u00ba pour \u00e9quipements sous pression\t\t\t<\/h2>\n\t\n\t<\/div>\n\t\t<p class=\"qodef-m-text\" >Nos r\u00e9cipients sous pression respectent les normes les plus \u00e9lev\u00e9es, soutenus par des projets avec des calculs justificatifs et des codes de conception tels que EN13445, ASME VIII div.1, Ad-Merkblatter. De plus, nous avons des soudeurs certifi\u00e9s et une gestion rigoureuse du marquage CE.<\/p>\n<\/div>\t\t<\/div>\n\t\t\t\t<\/div>\n\t\t\t\t<\/div>\n\t\t\t\t\t<\/div>\n\t\t\t\t<\/div>\n\t\t\t\t<\/div>\n\t\t","protected":false},"excerpt":{"rendered":"<p>Conception Projet Calculs justificatifs Essais non destructifs Intervention de l\u2019organisme notifi\u00e9 Marquage CE Service 360\u00ba pour \u00e9quipements sous pression Nos r\u00e9cipients sous pression respectent les normes les plus \u00e9lev\u00e9es, soutenus par des projets avec des calculs justificatifs et des codes de conception tels que EN13445, ASME VIII div.1, Ad-Merkblatter. De plus, nous avons des soudeurs [&hellip;]<\/p>\n","protected":false},"author":1,"featured_media":0,"parent":0,"menu_order":0,"comment_status":"closed","ping_status":"closed","template":"","meta":{"inline_featured_image":false,"_monsterinsights_skip_tracking":false,"_monsterinsights_sitenote_active":false,"_monsterinsights_sitenote_note":"","_monsterinsights_sitenote_category":0,"footnotes":""},"aioseo_notices":[],"_links":{"self":[{"href":"https:\/\/pertsl.com\/index.php?rest_route=\/wp\/v2\/pages\/6547"}],"collection":[{"href":"https:\/\/pertsl.com\/index.php?rest_route=\/wp\/v2\/pages"}],"about":[{"href":"https:\/\/pertsl.com\/index.php?rest_route=\/wp\/v2\/types\/page"}],"author":[{"embeddable":true,"href":"https:\/\/pertsl.com\/index.php?rest_route=\/wp\/v2\/users\/1"}],"replies":[{"embeddable":true,"href":"https:\/\/pertsl.com\/index.php?rest_route=%2Fwp%2Fv2%2Fcomments&post=6547"}],"version-history":[{"count":4,"href":"https:\/\/pertsl.com\/index.php?rest_route=\/wp\/v2\/pages\/6547\/revisions"}],"predecessor-version":[{"id":6552,"href":"https:\/\/pertsl.com\/index.php?rest_route=\/wp\/v2\/pages\/6547\/revisions\/6552"}],"wp:attachment":[{"href":"https:\/\/pertsl.com\/index.php?rest_route=%2Fwp%2Fv2%2Fmedia&parent=6547"}],"curies":[{"name":"wp","href":"https:\/\/api.w.org\/{rel}","templated":true}]}}