{"id":6422,"date":"2020-02-19T10:29:27","date_gmt":"2020-02-19T10:29:27","guid":{"rendered":"https:\/\/pertsl.com\/?page_id=6422"},"modified":"2024-06-10T11:12:08","modified_gmt":"2024-06-10T09:12:08","slug":"about-pert-sl","status":"publish","type":"page","link":"https:\/\/pertsl.com\/?page_id=6422&lang=en","title":{"rendered":"About Pert SL"},"content":{"rendered":"\t\t<div data-elementor-type=\"wp-page\" data-elementor-id=\"6422\" class=\"elementor elementor-6422\">\n\t\t\t\t\t\t<section class=\"elementor-section elementor-top-section elementor-element elementor-element-3545c85 qodef-elementor-content-grid elementor-section-boxed elementor-section-height-default elementor-section-height-default\" data-id=\"3545c85\" data-element_type=\"section\">\n\t\t\t\t\t\t<div class=\"elementor-container elementor-column-gap-default\">\n\t\t\t\t\t<div class=\"elementor-column elementor-col-50 elementor-top-column elementor-element elementor-element-32e705b\" data-id=\"32e705b\" data-element_type=\"column\">\n\t\t\t<div class=\"elementor-widget-wrap elementor-element-populated\">\n\t\t\t\t\t\t<div class=\"elementor-element elementor-element-a956883 elementor-widget elementor-widget-stal_core_section_title\" data-id=\"a956883\" data-element_type=\"widget\" data-widget_type=\"stal_core_section_title.default\">\n\t\t\t\t<div class=\"elementor-widget-container\">\n\t\t\t<div class=\"qodef-shortcode qodef-m  qodef-section-title qodef-alignment--left  qodef-title-with-tagline\">\n\t\t<div class=\"qodef-m-title-wrap\">\n\t        <h6 class=\"qodef-m-title-tagline\" >History<\/h6>\n    \t<h3 class=\"qodef-m-title\" >\n\t\t\t\t\tWe have been manufacturing equipment and machinery for over 30 years\t\t\t<\/h3>\n\t\n\t<\/div>\n\t\t<p class=\"qodef-m-text\" >Pert S.L. is a metalworking company with over 30 years of experience in the industry. Currently, it is dedicated to the manufacturing of equipment and machinery for various sectors, such as pharmaceutical, engineering, petrochemical, among others.<\/p>\n<\/div>\t\t<\/div>\n\t\t\t\t<\/div>\n\t\t\t\t<div class=\"elementor-element elementor-element-6072b03 elementor-widget elementor-widget-stal_core_separator\" data-id=\"6072b03\" data-element_type=\"widget\" data-widget_type=\"stal_core_separator.default\">\n\t\t\t\t<div class=\"elementor-widget-container\">\n\t\t\t<div class=\"qodef-shortcode qodef-m  qodef-separator clear \">\n\t<div class=\"qodef-m-line\" ><\/div>\n<\/div>\t\t<\/div>\n\t\t\t\t<\/div>\n\t\t\t\t<div class=\"elementor-element elementor-element-3771eee elementor-widget elementor-widget-text-editor\" data-id=\"3771eee\" data-element_type=\"widget\" data-widget_type=\"text-editor.default\">\n\t\t\t\t<div class=\"elementor-widget-container\">\n\t\t\t<style>\/*! elementor - v3.21.0 - 26-05-2024 *\/\n.elementor-widget-text-editor.elementor-drop-cap-view-stacked .elementor-drop-cap{background-color:#69727d;color:#fff}.elementor-widget-text-editor.elementor-drop-cap-view-framed .elementor-drop-cap{color:#69727d;border:3px solid;background-color:transparent}.elementor-widget-text-editor:not(.elementor-drop-cap-view-default) .elementor-drop-cap{margin-top:8px}.elementor-widget-text-editor:not(.elementor-drop-cap-view-default) .elementor-drop-cap-letter{width:1em;height:1em}.elementor-widget-text-editor .elementor-drop-cap{float:left;text-align:center;line-height:1;font-size:50px}.elementor-widget-text-editor .elementor-drop-cap-letter{display:inline-block}<\/style>\t\t\t\t<p>Our team of highly skilled professionals and our extensive experience enable us to offer solutions tailored to the specific needs of each client. We work closely with our clients to understand their requirements and ensure the delivery of high-quality, precision products.<\/p><p>En Pert S.L., nos enorgullece nuestra capacidad para fabricar productos de calderer\u00eda de alta calidad y durabilidad. Utilizamos tecnolog\u00edas avanzadas y materiales de primera calidad para garantizar la excelencia en nuestros productos. Adem\u00e1s, cumplimos con los est\u00e1ndares de seguridad y normativas vigentes en cada sector en el que operamos.<\/p><p>At Pert S.L., we pride ourselves on our ability to manufacture high-quality and durable metalworking products. We use advanced technologies and top-quality materials to ensure excellence in our products. Additionally, we comply with current safety standards and regulations in every sector in which we operate.<\/p>\t\t\t\t\t\t<\/div>\n\t\t\t\t<\/div>\n\t\t\t\t\t<\/div>\n\t\t<\/div>\n\t\t\t\t<div class=\"elementor-column elementor-col-50 elementor-top-column elementor-element elementor-element-47ca105\" data-id=\"47ca105\" data-element_type=\"column\">\n\t\t\t<div class=\"elementor-widget-wrap elementor-element-populated\">\n\t\t\t\t\t\t<div class=\"elementor-element elementor-element-44d1ad0 elementor-widget elementor-widget-stal_core_section_title\" data-id=\"44d1ad0\" data-element_type=\"widget\" data-widget_type=\"stal_core_section_title.default\">\n\t\t\t\t<div class=\"elementor-widget-container\">\n\t\t\t<div class=\"qodef-shortcode qodef-m  qodef-section-title qodef-alignment--left  \">\n\t\t<div class=\"qodef-m-title-wrap\">\n\t\t<h3 class=\"qodef-m-title\" >\n\t\t\t\t\tWhere we are\t\t\t<\/h3>\n\t\n\t<\/div>\n\t\t<p class=\"qodef-m-text\" style=\"font-size: 19px;line-height: 30px\">We are located in Rub\u00ed, very close to Barcelona. This strategic location allows us to efficiently serve clients throughout the region and maintain a close connection with major industrial and logistics centers.<\/p>\n<\/div>\t\t<\/div>\n\t\t\t\t<\/div>\n\t\t\t\t<section class=\"elementor-section elementor-inner-section elementor-element elementor-element-05f5a65 elementor-section-boxed elementor-section-height-default elementor-section-height-default qodef-elementor-content-no\" data-id=\"05f5a65\" data-element_type=\"section\">\n\t\t\t\t\t\t<div class=\"elementor-container elementor-column-gap-default\">\n\t\t\t\t\t<div class=\"elementor-column elementor-col-100 elementor-inner-column elementor-element elementor-element-924984d\" data-id=\"924984d\" data-element_type=\"column\">\n\t\t\t<div class=\"elementor-widget-wrap elementor-element-populated\">\n\t\t\t\t\t\t<div class=\"elementor-element elementor-element-62cdd72 elementor-widget elementor-widget-stal_core_icon_list_item\" data-id=\"62cdd72\" data-element_type=\"widget\" data-widget_type=\"stal_core_icon_list_item.default\">\n\t\t\t\t<div class=\"elementor-widget-container\">\n\t\t\t<div class=\"qodef-icon-list-item qodef-icon--icon-pack qodef-alignment--top\" >\n\t<p class=\"qodef-e-title\" style=\"line-height: 1.625em\">\n\t\t\t\t\t<a itemprop=\"url\" href=\"https:\/\/maps.app.goo.gl\/pNNVfCEcQbB5tsJaA\" target=\"_blank\">\n\t\t\t\t\t<span class=\"qodef-e-title-inner\">\n\t\t\t\t<span class=\"qodef-shortcode qodef-m  qodef-icon-holder qodef-size--default qodef-layout--square\"  style=\"width: 26px;height: 26px;line-height: 26px\">\t        <span class=\"qodef-icon-ionicons ion-ios-add qodef-icon qodef-e\" style=\"\" ><\/span>    <\/span>\t\t\t\t<span class=\"qodef-e-title-text\" style=\"top: -5px;position: relative\">Carrer Emili Sol\u00e0 i Cort\u00e9s, 8 08191 Rub\u00ed, Barcelona<\/span>\n\t\t\t<\/span>\n\t\t\t\t\t<\/a>\n\t\t\t<\/p>\n<\/div>\t\t<\/div>\n\t\t\t\t<\/div>\n\t\t\t\t<div class=\"elementor-element elementor-element-da4d210 elementor-widget elementor-widget-text-editor\" data-id=\"da4d210\" data-element_type=\"widget\" data-widget_type=\"text-editor.default\">\n\t\t\t\t<div class=\"elementor-widget-container\">\n\t\t\t\t\t\t\t<p style=\"margin: 3px 0;\"><a class=\"qodef-gray-link\" href=\"tel:935885049\">+34 935 885 049<\/a><\/p>\t\t\t\t\t\t<\/div>\n\t\t\t\t<\/div>\n\t\t\t\t<div class=\"elementor-element elementor-element-aba05dd elementor-widget elementor-widget-text-editor\" data-id=\"aba05dd\" data-element_type=\"widget\" data-widget_type=\"text-editor.default\">\n\t\t\t\t<div class=\"elementor-widget-container\">\n\t\t\t\t\t\t\t<p style=\"margin: 3px 0;\"><a class=\"qodef-gray-link\" href=\"mailto:oficina@pertsl.com\">oficina@pertsl.com<\/a><\/p>\t\t\t\t\t\t<\/div>\n\t\t\t\t<\/div>\n\t\t\t\t\t<\/div>\n\t\t<\/div>\n\t\t\t\t\t<\/div>\n\t\t<\/section>\n\t\t\t\t\t<\/div>\n\t\t<\/div>\n\t\t\t\t\t<\/div>\n\t\t<\/section>\n\t\t\t\t<section class=\"elementor-section elementor-top-section elementor-element elementor-element-7a4cdc3e qodef-elementor-content-grid elementor-section-full_width elementor-section-stretched elementor-section-height-default elementor-section-height-default\" data-id=\"7a4cdc3e\" data-element_type=\"section\" data-settings=\"{&quot;stretch_section&quot;:&quot;section-stretched&quot;}\">\n\t\t\t\t\t\t<div class=\"elementor-container elementor-column-gap-default\">\n\t\t\t\t\t<div class=\"elementor-column elementor-col-100 elementor-top-column elementor-element elementor-element-4a8cee92\" data-id=\"4a8cee92\" data-element_type=\"column\">\n\t\t\t<div class=\"elementor-widget-wrap elementor-element-populated\">\n\t\t\t\t<div class=\"elementor-element elementor-element-7ec06e0 e-grid e-con-full e-con e-parent\" data-id=\"7ec06e0\" data-element_type=\"container\">\n\t\t\t\t<div class=\"elementor-element elementor-element-67fcaf7 elementor-position-top elementor-widget elementor-widget-image-box\" data-id=\"67fcaf7\" data-element_type=\"widget\" data-widget_type=\"image-box.default\">\n\t\t\t\t<div class=\"elementor-widget-container\">\n\t\t\t<style>\/*! elementor - v3.21.0 - 26-05-2024 *\/\n.elementor-widget-image-box .elementor-image-box-content{width:100%}@media (min-width:768px){.elementor-widget-image-box.elementor-position-left .elementor-image-box-wrapper,.elementor-widget-image-box.elementor-position-right .elementor-image-box-wrapper{display:flex}.elementor-widget-image-box.elementor-position-right .elementor-image-box-wrapper{text-align:end;flex-direction:row-reverse}.elementor-widget-image-box.elementor-position-left .elementor-image-box-wrapper{text-align:start;flex-direction:row}.elementor-widget-image-box.elementor-position-top .elementor-image-box-img{margin:auto}.elementor-widget-image-box.elementor-vertical-align-top .elementor-image-box-wrapper{align-items:flex-start}.elementor-widget-image-box.elementor-vertical-align-middle .elementor-image-box-wrapper{align-items:center}.elementor-widget-image-box.elementor-vertical-align-bottom .elementor-image-box-wrapper{align-items:flex-end}}@media (max-width:767px){.elementor-widget-image-box .elementor-image-box-img{margin-left:auto!important;margin-right:auto!important;margin-bottom:15px}}.elementor-widget-image-box .elementor-image-box-img{display:inline-block}.elementor-widget-image-box .elementor-image-box-title a{color:inherit}.elementor-widget-image-box .elementor-image-box-wrapper{text-align:center}.elementor-widget-image-box .elementor-image-box-description{margin:0}<\/style><div class=\"elementor-image-box-wrapper\"><figure class=\"elementor-image-box-img\"><img fetchpriority=\"high\" decoding=\"async\" width=\"650\" height=\"650\" src=\"https:\/\/pertsl.com\/wp-content\/uploads\/2024\/01\/aluminum-tanks-storage-raw-materials-chemical-industry-sterile-conditions-enterprise-650x650.jpg\" class=\"attachment-qi_addons_for_elementor_image_size_square size-qi_addons_for_elementor_image_size_square wp-image-5654\" alt=\"\" srcset=\"https:\/\/pertsl.com\/wp-content\/uploads\/2024\/01\/aluminum-tanks-storage-raw-materials-chemical-industry-sterile-conditions-enterprise-650x650.jpg 650w, https:\/\/pertsl.com\/wp-content\/uploads\/2024\/01\/aluminum-tanks-storage-raw-materials-chemical-industry-sterile-conditions-enterprise-150x150.jpg 150w, https:\/\/pertsl.com\/wp-content\/uploads\/2024\/01\/aluminum-tanks-storage-raw-materials-chemical-industry-sterile-conditions-enterprise-1300x1300.jpg 1300w, https:\/\/pertsl.com\/wp-content\/uploads\/2024\/01\/aluminum-tanks-storage-raw-materials-chemical-industry-sterile-conditions-enterprise-82x82.jpg 82w\" sizes=\"(max-width: 650px) 100vw, 650px\" \/><\/figure><div class=\"elementor-image-box-content\"><h4 class=\"elementor-image-box-title\">Pharmaceutical<\/h4><\/div><\/div>\t\t<\/div>\n\t\t\t\t<\/div>\n\t\t\t\t<div class=\"elementor-element elementor-element-5993f581 elementor-position-top elementor-widget elementor-widget-image-box\" data-id=\"5993f581\" data-element_type=\"widget\" data-widget_type=\"image-box.default\">\n\t\t\t\t<div class=\"elementor-widget-container\">\n\t\t\t<div class=\"elementor-image-box-wrapper\"><figure class=\"elementor-image-box-img\"><img decoding=\"async\" width=\"650\" height=\"650\" src=\"https:\/\/pertsl.com\/wp-content\/uploads\/2024\/03\/organic-75585_1280-650x650.jpg\" class=\"attachment-qi_addons_for_elementor_image_size_square size-qi_addons_for_elementor_image_size_square wp-image-5703\" alt=\"\" srcset=\"https:\/\/pertsl.com\/wp-content\/uploads\/2024\/03\/organic-75585_1280-650x650.jpg 650w, https:\/\/pertsl.com\/wp-content\/uploads\/2024\/03\/organic-75585_1280-150x150.jpg 150w, https:\/\/pertsl.com\/wp-content\/uploads\/2024\/03\/organic-75585_1280-82x82.jpg 82w\" sizes=\"(max-width: 650px) 100vw, 650px\" \/><\/figure><div class=\"elementor-image-box-content\"><h4 class=\"elementor-image-box-title\">Food<\/h4><\/div><\/div>\t\t<\/div>\n\t\t\t\t<\/div>\n\t\t\t\t<div class=\"elementor-element elementor-element-6787e933 elementor-position-top elementor-widget elementor-widget-image-box\" data-id=\"6787e933\" data-element_type=\"widget\" data-widget_type=\"image-box.default\">\n\t\t\t\t<div class=\"elementor-widget-container\">\n\t\t\t<div class=\"elementor-image-box-wrapper\"><figure class=\"elementor-image-box-img\"><img decoding=\"async\" width=\"650\" height=\"650\" src=\"https:\/\/pertsl.com\/wp-content\/uploads\/2020\/02\/h3-img-2-1-650x650.jpg\" class=\"attachment-qi_addons_for_elementor_image_size_square size-qi_addons_for_elementor_image_size_square wp-image-3508\" alt=\"d\" srcset=\"https:\/\/pertsl.com\/wp-content\/uploads\/2020\/02\/h3-img-2-1-650x650.jpg 650w, https:\/\/pertsl.com\/wp-content\/uploads\/2020\/02\/h3-img-2-1-150x150.jpg 150w, https:\/\/pertsl.com\/wp-content\/uploads\/2020\/02\/h3-img-2-1-82x82.jpg 82w\" sizes=\"(max-width: 650px) 100vw, 650px\" \/><\/figure><div class=\"elementor-image-box-content\"><h4 class=\"elementor-image-box-title\">Automotive<\/h4><\/div><\/div>\t\t<\/div>\n\t\t\t\t<\/div>\n\t\t\t\t<div class=\"elementor-element elementor-element-4b6bf3a0 elementor-position-top elementor-widget elementor-widget-image-box\" data-id=\"4b6bf3a0\" data-element_type=\"widget\" data-widget_type=\"image-box.default\">\n\t\t\t\t<div class=\"elementor-widget-container\">\n\t\t\t<div class=\"elementor-image-box-wrapper\"><figure class=\"elementor-image-box-img\"><img loading=\"lazy\" decoding=\"async\" width=\"650\" height=\"650\" src=\"https:\/\/pertsl.com\/wp-content\/uploads\/2024\/03\/rails-3309912_1280-650x650.jpg\" class=\"attachment-qi_addons_for_elementor_image_size_square size-qi_addons_for_elementor_image_size_square wp-image-5702\" alt=\"\" srcset=\"https:\/\/pertsl.com\/wp-content\/uploads\/2024\/03\/rails-3309912_1280-650x650.jpg 650w, https:\/\/pertsl.com\/wp-content\/uploads\/2024\/03\/rails-3309912_1280-150x150.jpg 150w, https:\/\/pertsl.com\/wp-content\/uploads\/2024\/03\/rails-3309912_1280-82x82.jpg 82w\" sizes=\"(max-width: 650px) 100vw, 650px\" \/><\/figure><div class=\"elementor-image-box-content\"><h4 class=\"elementor-image-box-title\">Railway<\/h4><\/div><\/div>\t\t<\/div>\n\t\t\t\t<\/div>\n\t\t\t\t<div class=\"elementor-element elementor-element-24d14382 elementor-position-top elementor-widget elementor-widget-image-box\" data-id=\"24d14382\" data-element_type=\"widget\" data-widget_type=\"image-box.default\">\n\t\t\t\t<div class=\"elementor-widget-container\">\n\t\t\t<div class=\"elementor-image-box-wrapper\"><figure class=\"elementor-image-box-img\"><img loading=\"lazy\" decoding=\"async\" width=\"650\" height=\"650\" src=\"https:\/\/pertsl.com\/wp-content\/uploads\/2024\/03\/loacker-955592_1280-650x650.jpg\" class=\"attachment-qi_addons_for_elementor_image_size_square size-qi_addons_for_elementor_image_size_square wp-image-5706\" alt=\"\" srcset=\"https:\/\/pertsl.com\/wp-content\/uploads\/2024\/03\/loacker-955592_1280-650x650.jpg 650w, https:\/\/pertsl.com\/wp-content\/uploads\/2024\/03\/loacker-955592_1280-150x150.jpg 150w, https:\/\/pertsl.com\/wp-content\/uploads\/2024\/03\/loacker-955592_1280-82x82.jpg 82w\" sizes=\"(max-width: 650px) 100vw, 650px\" \/><\/figure><div class=\"elementor-image-box-content\"><h4 class=\"elementor-image-box-title\">Environmental<\/h4><\/div><\/div>\t\t<\/div>\n\t\t\t\t<\/div>\n\t\t\t\t<div class=\"elementor-element elementor-element-52eaa93f elementor-position-top elementor-widget elementor-widget-image-box\" data-id=\"52eaa93f\" data-element_type=\"widget\" data-widget_type=\"image-box.default\">\n\t\t\t\t<div class=\"elementor-widget-container\">\n\t\t\t<div class=\"elementor-image-box-wrapper\"><figure class=\"elementor-image-box-img\"><img loading=\"lazy\" decoding=\"async\" width=\"650\" height=\"650\" src=\"https:\/\/pertsl.com\/wp-content\/uploads\/2024\/03\/solar-8499896_1280-650x650.jpg\" class=\"attachment-qi_addons_for_elementor_image_size_square size-qi_addons_for_elementor_image_size_square wp-image-5704\" alt=\"\" srcset=\"https:\/\/pertsl.com\/wp-content\/uploads\/2024\/03\/solar-8499896_1280-650x650.jpg 650w, https:\/\/pertsl.com\/wp-content\/uploads\/2024\/03\/solar-8499896_1280-150x150.jpg 150w, https:\/\/pertsl.com\/wp-content\/uploads\/2024\/03\/solar-8499896_1280-82x82.jpg 82w\" sizes=\"(max-width: 650px) 100vw, 650px\" \/><\/figure><div class=\"elementor-image-box-content\"><h4 class=\"elementor-image-box-title\">Solar Thermal<\/h4><\/div><\/div>\t\t<\/div>\n\t\t\t\t<\/div>\n\t\t\t\t<div class=\"elementor-element elementor-element-7718b6c0 elementor-position-top elementor-widget elementor-widget-image-box\" data-id=\"7718b6c0\" data-element_type=\"widget\" data-widget_type=\"image-box.default\">\n\t\t\t\t<div class=\"elementor-widget-container\">\n\t\t\t<div class=\"elementor-image-box-wrapper\"><figure class=\"elementor-image-box-img\"><img loading=\"lazy\" decoding=\"async\" width=\"650\" height=\"650\" src=\"https:\/\/pertsl.com\/wp-content\/uploads\/2024\/01\/exterior-fabrica-650x650.jpg\" class=\"attachment-qi_addons_for_elementor_image_size_square size-qi_addons_for_elementor_image_size_square wp-image-5506\" alt=\"\" srcset=\"https:\/\/pertsl.com\/wp-content\/uploads\/2024\/01\/exterior-fabrica-650x650.jpg 650w, https:\/\/pertsl.com\/wp-content\/uploads\/2024\/01\/exterior-fabrica-150x150.jpg 150w, https:\/\/pertsl.com\/wp-content\/uploads\/2024\/01\/exterior-fabrica-1300x1300.jpg 1300w, https:\/\/pertsl.com\/wp-content\/uploads\/2024\/01\/exterior-fabrica-82x82.jpg 82w\" sizes=\"(max-width: 650px) 100vw, 650px\" \/><\/figure><div class=\"elementor-image-box-content\"><h4 class=\"elementor-image-box-title\">Combined Cycle<\/h4><\/div><\/div>\t\t<\/div>\n\t\t\t\t<\/div>\n\t\t\t\t<div class=\"elementor-element elementor-element-2c17f6a8 elementor-position-top elementor-widget elementor-widget-image-box\" data-id=\"2c17f6a8\" data-element_type=\"widget\" data-widget_type=\"image-box.default\">\n\t\t\t\t<div class=\"elementor-widget-container\">\n\t\t\t<div class=\"elementor-image-box-wrapper\"><figure class=\"elementor-image-box-img\"><img loading=\"lazy\" decoding=\"async\" width=\"650\" height=\"650\" src=\"https:\/\/pertsl.com\/wp-content\/uploads\/2024\/06\/christian-wiediger-Htfy7TaDBgo-unsplash-650x650.jpg\" class=\"attachment-qi_addons_for_elementor_image_size_square size-qi_addons_for_elementor_image_size_square wp-image-6381\" alt=\"\" srcset=\"https:\/\/pertsl.com\/wp-content\/uploads\/2024\/06\/christian-wiediger-Htfy7TaDBgo-unsplash-650x650.jpg 650w, https:\/\/pertsl.com\/wp-content\/uploads\/2024\/06\/christian-wiediger-Htfy7TaDBgo-unsplash-150x150.jpg 150w, https:\/\/pertsl.com\/wp-content\/uploads\/2024\/06\/christian-wiediger-Htfy7TaDBgo-unsplash-1300x1300.jpg 1300w, https:\/\/pertsl.com\/wp-content\/uploads\/2024\/06\/christian-wiediger-Htfy7TaDBgo-unsplash-82x82.jpg 82w\" sizes=\"(max-width: 650px) 100vw, 650px\" \/><\/figure><div class=\"elementor-image-box-content\"><h4 class=\"elementor-image-box-title\">Electronics<\/h4><\/div><\/div>\t\t<\/div>\n\t\t\t\t<\/div>\n\t\t\t\t<\/div>\n\t\t\t\t\t<\/div>\n\t\t<\/div>\n\t\t\t\t\t<\/div>\n\t\t<\/section>\n\t\t\t\t<section class=\"elementor-section elementor-top-section elementor-element elementor-element-d2530cc elementor-section-full_width qodef-elementor-content-grid elementor-section-stretched elementor-section-height-default elementor-section-height-default\" data-id=\"d2530cc\" data-element_type=\"section\" data-settings=\"{&quot;stretch_section&quot;:&quot;section-stretched&quot;}\">\n\t\t\t\t\t\t\t<div class=\"elementor-background-overlay\"><\/div>\n\t\t\t\t\t\t\t<div class=\"elementor-container elementor-column-gap-default\">\n\t\t\t\t\t<div class=\"elementor-column elementor-col-100 elementor-top-column elementor-element elementor-element-4f7c5b5\" data-id=\"4f7c5b5\" data-element_type=\"column\">\n\t\t\t<div class=\"elementor-widget-wrap\">\n\t\t\t\t\t\t\t<\/div>\n\t\t<\/div>\n\t\t\t\t\t<\/div>\n\t\t<\/section>\n\t\t\t\t<\/div>\n\t\t","protected":false},"excerpt":{"rendered":"<p>History We have been manufacturing equipment and machinery for over 30 years Pert S.L. is a metalworking company with over 30 years of experience in the industry. Currently, it is dedicated to the manufacturing of equipment and machinery for various sectors, such as pharmaceutical, engineering, petrochemical, among others. Our team of highly skilled professionals and [&hellip;]<\/p>\n","protected":false},"author":1,"featured_media":0,"parent":0,"menu_order":0,"comment_status":"closed","ping_status":"closed","template":"","meta":{"inline_featured_image":false,"_monsterinsights_skip_tracking":false,"_monsterinsights_sitenote_active":false,"_monsterinsights_sitenote_note":"","_monsterinsights_sitenote_category":0,"footnotes":""},"aioseo_notices":[],"_links":{"self":[{"href":"https:\/\/pertsl.com\/index.php?rest_route=\/wp\/v2\/pages\/6422"}],"collection":[{"href":"https:\/\/pertsl.com\/index.php?rest_route=\/wp\/v2\/pages"}],"about":[{"href":"https:\/\/pertsl.com\/index.php?rest_route=\/wp\/v2\/types\/page"}],"author":[{"embeddable":true,"href":"https:\/\/pertsl.com\/index.php?rest_route=\/wp\/v2\/users\/1"}],"replies":[{"embeddable":true,"href":"https:\/\/pertsl.com\/index.php?rest_route=%2Fwp%2Fv2%2Fcomments&post=6422"}],"version-history":[{"count":13,"href":"https:\/\/pertsl.com\/index.php?rest_route=\/wp\/v2\/pages\/6422\/revisions"}],"predecessor-version":[{"id":6661,"href":"https:\/\/pertsl.com\/index.php?rest_route=\/wp\/v2\/pages\/6422\/revisions\/6661"}],"wp:attachment":[{"href":"https:\/\/pertsl.com\/index.php?rest_route=%2Fwp%2Fv2%2Fmedia&parent=6422"}],"curies":[{"name":"wp","href":"https:\/\/api.w.org\/{rel}","templated":true}]}}