{"id":6334,"date":"2020-02-19T10:29:27","date_gmt":"2020-02-19T10:29:27","guid":{"rendered":"https:\/\/pertsl.com\/?page_id=6334"},"modified":"2024-06-10T11:03:58","modified_gmt":"2024-06-10T09:03:58","slug":"a-propos-de-pert-sl","status":"publish","type":"page","link":"https:\/\/pertsl.com\/?page_id=6334&lang=fr","title":{"rendered":"\u00c0 propos de Pert SL"},"content":{"rendered":"\t\t<div data-elementor-type=\"wp-page\" data-elementor-id=\"6334\" class=\"elementor elementor-6334\">\n\t\t\t\t\t\t<section class=\"elementor-section elementor-top-section elementor-element elementor-element-3545c85 qodef-elementor-content-grid elementor-section-boxed elementor-section-height-default elementor-section-height-default\" data-id=\"3545c85\" data-element_type=\"section\">\n\t\t\t\t\t\t<div class=\"elementor-container elementor-column-gap-default\">\n\t\t\t\t\t<div class=\"elementor-column elementor-col-50 elementor-top-column elementor-element elementor-element-32e705b\" data-id=\"32e705b\" data-element_type=\"column\">\n\t\t\t<div class=\"elementor-widget-wrap elementor-element-populated\">\n\t\t\t\t\t\t<div class=\"elementor-element elementor-element-a956883 elementor-widget elementor-widget-stal_core_section_title\" data-id=\"a956883\" data-element_type=\"widget\" data-widget_type=\"stal_core_section_title.default\">\n\t\t\t\t<div class=\"elementor-widget-container\">\n\t\t\t<div class=\"qodef-shortcode qodef-m  qodef-section-title qodef-alignment--left  qodef-title-with-tagline\">\n\t\t<div class=\"qodef-m-title-wrap\">\n\t        <h6 class=\"qodef-m-title-tagline\" >Histoire<\/h6>\n    \t<h3 class=\"qodef-m-title\" >\n\t\t\t\t\tNous fabriquons des biens d\u2019\u00e9quipement et des machines depuis plus de 30 ans.\t\t\t<\/h3>\n\t\n\t<\/div>\n\t\t<p class=\"qodef-m-text\" >Pert S.L. est une entreprise de chaudronnerie avec plus de 30 ans d\u2019exp\u00e9rience dans le secteur. Actuellement, elle se consacre \u00e0 la fabrication de biens d\u2019\u00e9quipement et de machines pour diff\u00e9rents secteurs, tels que le pharmaceutique, les ing\u00e9nieries, le p\u00e9trochimique, entre autres.<\/p>\n<\/div>\t\t<\/div>\n\t\t\t\t<\/div>\n\t\t\t\t<div class=\"elementor-element elementor-element-6072b03 elementor-widget elementor-widget-stal_core_separator\" data-id=\"6072b03\" data-element_type=\"widget\" data-widget_type=\"stal_core_separator.default\">\n\t\t\t\t<div class=\"elementor-widget-container\">\n\t\t\t<div class=\"qodef-shortcode qodef-m  qodef-separator clear \">\n\t<div class=\"qodef-m-line\" ><\/div>\n<\/div>\t\t<\/div>\n\t\t\t\t<\/div>\n\t\t\t\t<div class=\"elementor-element elementor-element-3771eee elementor-widget elementor-widget-text-editor\" data-id=\"3771eee\" data-element_type=\"widget\" data-widget_type=\"text-editor.default\">\n\t\t\t\t<div class=\"elementor-widget-container\">\n\t\t\t<style>\/*! elementor - v3.21.0 - 26-05-2024 *\/\n.elementor-widget-text-editor.elementor-drop-cap-view-stacked .elementor-drop-cap{background-color:#69727d;color:#fff}.elementor-widget-text-editor.elementor-drop-cap-view-framed .elementor-drop-cap{color:#69727d;border:3px solid;background-color:transparent}.elementor-widget-text-editor:not(.elementor-drop-cap-view-default) .elementor-drop-cap{margin-top:8px}.elementor-widget-text-editor:not(.elementor-drop-cap-view-default) .elementor-drop-cap-letter{width:1em;height:1em}.elementor-widget-text-editor .elementor-drop-cap{float:left;text-align:center;line-height:1;font-size:50px}.elementor-widget-text-editor .elementor-drop-cap-letter{display:inline-block}<\/style>\t\t\t\t<p>Notre \u00e9quipe de professionnels hautement qualifi\u00e9s et notre vaste exp\u00e9rience nous permettent d\u2019offrir des solutions adapt\u00e9es aux besoins sp\u00e9cifiques de chaque client. Nous travaillons en \u00e9troite collaboration avec nos clients pour comprendre leurs exigences et garantir la livraison de produits de haute qualit\u00e9 et de pr\u00e9cision.<\/p><p>Chez Pert S.L., nous sommes fiers de notre capacit\u00e9 \u00e0 fabriquer des produits de chaudronnerie de haute qualit\u00e9 et durabilit\u00e9. Nous utilisons des technologies avanc\u00e9es et des mat\u00e9riaux de premi\u00e8re qualit\u00e9 pour garantir l\u2019excellence de nos produits. De plus, nous respectons les normes de s\u00e9curit\u00e9 et les r\u00e9glementations en vigueur dans chaque secteur dans lequel nous op\u00e9rons.<\/p><p>Nous disposons d\u2019une large gamme de produits, allant des r\u00e9servoirs et r\u00e9cipients sur mesure aux structures m\u00e9talliques et composants de machines. Notre objectif est de fournir des solutions compl\u00e8tes et efficaces qui r\u00e9pondent aux besoins de nos clients.<\/p>\t\t\t\t\t\t<\/div>\n\t\t\t\t<\/div>\n\t\t\t\t\t<\/div>\n\t\t<\/div>\n\t\t\t\t<div class=\"elementor-column elementor-col-50 elementor-top-column elementor-element elementor-element-47ca105\" data-id=\"47ca105\" data-element_type=\"column\">\n\t\t\t<div class=\"elementor-widget-wrap elementor-element-populated\">\n\t\t\t\t\t\t<div class=\"elementor-element elementor-element-44d1ad0 elementor-widget elementor-widget-stal_core_section_title\" data-id=\"44d1ad0\" data-element_type=\"widget\" data-widget_type=\"stal_core_section_title.default\">\n\t\t\t\t<div class=\"elementor-widget-container\">\n\t\t\t<div class=\"qodef-shortcode qodef-m  qodef-section-title qodef-alignment--left  \">\n\t\t<div class=\"qodef-m-title-wrap\">\n\t\t<h3 class=\"qodef-m-title\" >\n\t\t\t\t\tO\u00f9 nous sommes\t\t\t<\/h3>\n\t\n\t<\/div>\n\t\t<p class=\"qodef-m-text\" style=\"font-size: 19px;line-height: 30px\">Nous nous trouvons \u00e0 Rub\u00ed, tr\u00e8s pr\u00e8s de Barcelone. Cette situation strat\u00e9gique nous permet de servir efficacement les clients de toute la r\u00e9gion et de maintenir une connexion \u00e9troite avec des centres industriels et logistiques importants.<\/p>\n<\/div>\t\t<\/div>\n\t\t\t\t<\/div>\n\t\t\t\t<section class=\"elementor-section elementor-inner-section elementor-element elementor-element-05f5a65 elementor-section-boxed elementor-section-height-default elementor-section-height-default qodef-elementor-content-no\" data-id=\"05f5a65\" data-element_type=\"section\">\n\t\t\t\t\t\t<div class=\"elementor-container elementor-column-gap-default\">\n\t\t\t\t\t<div class=\"elementor-column elementor-col-100 elementor-inner-column elementor-element elementor-element-924984d\" data-id=\"924984d\" data-element_type=\"column\">\n\t\t\t<div class=\"elementor-widget-wrap elementor-element-populated\">\n\t\t\t\t\t\t<div class=\"elementor-element elementor-element-62cdd72 elementor-widget elementor-widget-stal_core_icon_list_item\" data-id=\"62cdd72\" data-element_type=\"widget\" data-widget_type=\"stal_core_icon_list_item.default\">\n\t\t\t\t<div class=\"elementor-widget-container\">\n\t\t\t<div class=\"qodef-icon-list-item qodef-icon--icon-pack qodef-alignment--top\" >\n\t<p class=\"qodef-e-title\" style=\"line-height: 1.625em\">\n\t\t\t\t\t<a itemprop=\"url\" href=\"https:\/\/maps.app.goo.gl\/pNNVfCEcQbB5tsJaA\" target=\"_blank\">\n\t\t\t\t\t<span class=\"qodef-e-title-inner\">\n\t\t\t\t<span class=\"qodef-shortcode qodef-m  qodef-icon-holder qodef-size--default qodef-layout--square\"  style=\"width: 26px;height: 26px;line-height: 26px\">\t        <span class=\"qodef-icon-ionicons ion-ios-add qodef-icon qodef-e\" style=\"\" ><\/span>    <\/span>\t\t\t\t<span class=\"qodef-e-title-text\" style=\"top: -5px;position: relative\">Carrer Emili Sol\u00e0 i Cort\u00e9s, 8 08191 Rub\u00ed, Barcelona<\/span>\n\t\t\t<\/span>\n\t\t\t\t\t<\/a>\n\t\t\t<\/p>\n<\/div>\t\t<\/div>\n\t\t\t\t<\/div>\n\t\t\t\t<div class=\"elementor-element elementor-element-da4d210 elementor-widget elementor-widget-text-editor\" data-id=\"da4d210\" data-element_type=\"widget\" data-widget_type=\"text-editor.default\">\n\t\t\t\t<div class=\"elementor-widget-container\">\n\t\t\t\t\t\t\t<p style=\"margin: 3px 0;\"><a class=\"qodef-gray-link\" href=\"tel:935885049\">+34 935 885 049<\/a><\/p>\t\t\t\t\t\t<\/div>\n\t\t\t\t<\/div>\n\t\t\t\t<div class=\"elementor-element elementor-element-aba05dd elementor-widget elementor-widget-text-editor\" data-id=\"aba05dd\" data-element_type=\"widget\" data-widget_type=\"text-editor.default\">\n\t\t\t\t<div class=\"elementor-widget-container\">\n\t\t\t\t\t\t\t<p style=\"margin: 3px 0;\"><a class=\"qodef-gray-link\" href=\"mailto:oficina@pertsl.com\">oficina@pertsl.com<\/a><\/p>\t\t\t\t\t\t<\/div>\n\t\t\t\t<\/div>\n\t\t\t\t\t<\/div>\n\t\t<\/div>\n\t\t\t\t\t<\/div>\n\t\t<\/section>\n\t\t\t\t\t<\/div>\n\t\t<\/div>\n\t\t\t\t\t<\/div>\n\t\t<\/section>\n\t\t\t\t<section class=\"elementor-section elementor-top-section elementor-element elementor-element-471e2c30 qodef-elementor-content-grid elementor-section-full_width elementor-section-stretched elementor-section-height-default elementor-section-height-default\" data-id=\"471e2c30\" data-element_type=\"section\" data-settings=\"{&quot;stretch_section&quot;:&quot;section-stretched&quot;}\">\n\t\t\t\t\t\t<div class=\"elementor-container elementor-column-gap-default\">\n\t\t\t\t\t<div class=\"elementor-column elementor-col-100 elementor-top-column elementor-element elementor-element-6f04d5b7\" data-id=\"6f04d5b7\" data-element_type=\"column\">\n\t\t\t<div class=\"elementor-widget-wrap elementor-element-populated\">\n\t\t\t\t<div class=\"elementor-element elementor-element-249e6810 e-grid e-con-full e-con e-parent\" data-id=\"249e6810\" data-element_type=\"container\">\n\t\t\t\t<div class=\"elementor-element elementor-element-3cd4c7c3 elementor-position-top elementor-widget elementor-widget-image-box\" data-id=\"3cd4c7c3\" data-element_type=\"widget\" data-widget_type=\"image-box.default\">\n\t\t\t\t<div class=\"elementor-widget-container\">\n\t\t\t<style>\/*! elementor - v3.21.0 - 26-05-2024 *\/\n.elementor-widget-image-box .elementor-image-box-content{width:100%}@media (min-width:768px){.elementor-widget-image-box.elementor-position-left .elementor-image-box-wrapper,.elementor-widget-image-box.elementor-position-right .elementor-image-box-wrapper{display:flex}.elementor-widget-image-box.elementor-position-right .elementor-image-box-wrapper{text-align:end;flex-direction:row-reverse}.elementor-widget-image-box.elementor-position-left .elementor-image-box-wrapper{text-align:start;flex-direction:row}.elementor-widget-image-box.elementor-position-top .elementor-image-box-img{margin:auto}.elementor-widget-image-box.elementor-vertical-align-top .elementor-image-box-wrapper{align-items:flex-start}.elementor-widget-image-box.elementor-vertical-align-middle .elementor-image-box-wrapper{align-items:center}.elementor-widget-image-box.elementor-vertical-align-bottom .elementor-image-box-wrapper{align-items:flex-end}}@media (max-width:767px){.elementor-widget-image-box .elementor-image-box-img{margin-left:auto!important;margin-right:auto!important;margin-bottom:15px}}.elementor-widget-image-box .elementor-image-box-img{display:inline-block}.elementor-widget-image-box .elementor-image-box-title a{color:inherit}.elementor-widget-image-box .elementor-image-box-wrapper{text-align:center}.elementor-widget-image-box .elementor-image-box-description{margin:0}<\/style><div class=\"elementor-image-box-wrapper\"><figure class=\"elementor-image-box-img\"><img fetchpriority=\"high\" decoding=\"async\" width=\"650\" height=\"650\" src=\"https:\/\/pertsl.com\/wp-content\/uploads\/2024\/01\/aluminum-tanks-storage-raw-materials-chemical-industry-sterile-conditions-enterprise-650x650.jpg\" class=\"attachment-qi_addons_for_elementor_image_size_square size-qi_addons_for_elementor_image_size_square wp-image-5654\" alt=\"\" srcset=\"https:\/\/pertsl.com\/wp-content\/uploads\/2024\/01\/aluminum-tanks-storage-raw-materials-chemical-industry-sterile-conditions-enterprise-650x650.jpg 650w, https:\/\/pertsl.com\/wp-content\/uploads\/2024\/01\/aluminum-tanks-storage-raw-materials-chemical-industry-sterile-conditions-enterprise-150x150.jpg 150w, https:\/\/pertsl.com\/wp-content\/uploads\/2024\/01\/aluminum-tanks-storage-raw-materials-chemical-industry-sterile-conditions-enterprise-1300x1300.jpg 1300w, https:\/\/pertsl.com\/wp-content\/uploads\/2024\/01\/aluminum-tanks-storage-raw-materials-chemical-industry-sterile-conditions-enterprise-82x82.jpg 82w\" sizes=\"(max-width: 650px) 100vw, 650px\" \/><\/figure><div class=\"elementor-image-box-content\"><h4 class=\"elementor-image-box-title\">Pharmaceutique<\/h4><\/div><\/div>\t\t<\/div>\n\t\t\t\t<\/div>\n\t\t\t\t<div class=\"elementor-element elementor-element-7b961952 elementor-position-top elementor-widget elementor-widget-image-box\" data-id=\"7b961952\" data-element_type=\"widget\" data-widget_type=\"image-box.default\">\n\t\t\t\t<div class=\"elementor-widget-container\">\n\t\t\t<div class=\"elementor-image-box-wrapper\"><figure class=\"elementor-image-box-img\"><img decoding=\"async\" width=\"650\" height=\"650\" src=\"https:\/\/pertsl.com\/wp-content\/uploads\/2024\/03\/organic-75585_1280-650x650.jpg\" class=\"attachment-qi_addons_for_elementor_image_size_square size-qi_addons_for_elementor_image_size_square wp-image-5703\" alt=\"\" srcset=\"https:\/\/pertsl.com\/wp-content\/uploads\/2024\/03\/organic-75585_1280-650x650.jpg 650w, https:\/\/pertsl.com\/wp-content\/uploads\/2024\/03\/organic-75585_1280-150x150.jpg 150w, https:\/\/pertsl.com\/wp-content\/uploads\/2024\/03\/organic-75585_1280-82x82.jpg 82w\" sizes=\"(max-width: 650px) 100vw, 650px\" \/><\/figure><div class=\"elementor-image-box-content\"><h4 class=\"elementor-image-box-title\">Alimentaire<\/h4><\/div><\/div>\t\t<\/div>\n\t\t\t\t<\/div>\n\t\t\t\t<div class=\"elementor-element elementor-element-343c028a elementor-position-top elementor-widget elementor-widget-image-box\" data-id=\"343c028a\" data-element_type=\"widget\" data-widget_type=\"image-box.default\">\n\t\t\t\t<div class=\"elementor-widget-container\">\n\t\t\t<div class=\"elementor-image-box-wrapper\"><figure class=\"elementor-image-box-img\"><img decoding=\"async\" width=\"650\" height=\"650\" src=\"https:\/\/pertsl.com\/wp-content\/uploads\/2020\/02\/h3-img-2-1-650x650.jpg\" class=\"attachment-qi_addons_for_elementor_image_size_square size-qi_addons_for_elementor_image_size_square wp-image-3508\" alt=\"d\" srcset=\"https:\/\/pertsl.com\/wp-content\/uploads\/2020\/02\/h3-img-2-1-650x650.jpg 650w, https:\/\/pertsl.com\/wp-content\/uploads\/2020\/02\/h3-img-2-1-150x150.jpg 150w, https:\/\/pertsl.com\/wp-content\/uploads\/2020\/02\/h3-img-2-1-82x82.jpg 82w\" sizes=\"(max-width: 650px) 100vw, 650px\" \/><\/figure><div class=\"elementor-image-box-content\"><h4 class=\"elementor-image-box-title\">Automobile<\/h4><\/div><\/div>\t\t<\/div>\n\t\t\t\t<\/div>\n\t\t\t\t<div class=\"elementor-element elementor-element-553fcf36 elementor-position-top elementor-widget elementor-widget-image-box\" data-id=\"553fcf36\" data-element_type=\"widget\" data-widget_type=\"image-box.default\">\n\t\t\t\t<div class=\"elementor-widget-container\">\n\t\t\t<div class=\"elementor-image-box-wrapper\"><figure class=\"elementor-image-box-img\"><img loading=\"lazy\" decoding=\"async\" width=\"650\" height=\"650\" src=\"https:\/\/pertsl.com\/wp-content\/uploads\/2024\/03\/rails-3309912_1280-650x650.jpg\" class=\"attachment-qi_addons_for_elementor_image_size_square size-qi_addons_for_elementor_image_size_square wp-image-5702\" alt=\"\" srcset=\"https:\/\/pertsl.com\/wp-content\/uploads\/2024\/03\/rails-3309912_1280-650x650.jpg 650w, https:\/\/pertsl.com\/wp-content\/uploads\/2024\/03\/rails-3309912_1280-150x150.jpg 150w, https:\/\/pertsl.com\/wp-content\/uploads\/2024\/03\/rails-3309912_1280-82x82.jpg 82w\" sizes=\"(max-width: 650px) 100vw, 650px\" \/><\/figure><div class=\"elementor-image-box-content\"><h4 class=\"elementor-image-box-title\">Ferroviaire<\/h4><\/div><\/div>\t\t<\/div>\n\t\t\t\t<\/div>\n\t\t\t\t<div class=\"elementor-element elementor-element-17fcf4 elementor-position-top elementor-widget elementor-widget-image-box\" data-id=\"17fcf4\" data-element_type=\"widget\" data-widget_type=\"image-box.default\">\n\t\t\t\t<div class=\"elementor-widget-container\">\n\t\t\t<div class=\"elementor-image-box-wrapper\"><figure class=\"elementor-image-box-img\"><img loading=\"lazy\" decoding=\"async\" width=\"650\" height=\"650\" src=\"https:\/\/pertsl.com\/wp-content\/uploads\/2024\/03\/loacker-955592_1280-650x650.jpg\" class=\"attachment-qi_addons_for_elementor_image_size_square size-qi_addons_for_elementor_image_size_square wp-image-5706\" alt=\"\" srcset=\"https:\/\/pertsl.com\/wp-content\/uploads\/2024\/03\/loacker-955592_1280-650x650.jpg 650w, https:\/\/pertsl.com\/wp-content\/uploads\/2024\/03\/loacker-955592_1280-150x150.jpg 150w, https:\/\/pertsl.com\/wp-content\/uploads\/2024\/03\/loacker-955592_1280-82x82.jpg 82w\" sizes=\"(max-width: 650px) 100vw, 650px\" \/><\/figure><div class=\"elementor-image-box-content\"><h4 class=\"elementor-image-box-title\">Environnemental<\/h4><\/div><\/div>\t\t<\/div>\n\t\t\t\t<\/div>\n\t\t\t\t<div class=\"elementor-element elementor-element-b3fd33d elementor-position-top elementor-widget elementor-widget-image-box\" data-id=\"b3fd33d\" data-element_type=\"widget\" data-widget_type=\"image-box.default\">\n\t\t\t\t<div class=\"elementor-widget-container\">\n\t\t\t<div class=\"elementor-image-box-wrapper\"><figure class=\"elementor-image-box-img\"><img loading=\"lazy\" decoding=\"async\" width=\"650\" height=\"650\" src=\"https:\/\/pertsl.com\/wp-content\/uploads\/2024\/03\/solar-8499896_1280-650x650.jpg\" class=\"attachment-qi_addons_for_elementor_image_size_square size-qi_addons_for_elementor_image_size_square wp-image-5704\" alt=\"\" srcset=\"https:\/\/pertsl.com\/wp-content\/uploads\/2024\/03\/solar-8499896_1280-650x650.jpg 650w, https:\/\/pertsl.com\/wp-content\/uploads\/2024\/03\/solar-8499896_1280-150x150.jpg 150w, https:\/\/pertsl.com\/wp-content\/uploads\/2024\/03\/solar-8499896_1280-82x82.jpg 82w\" sizes=\"(max-width: 650px) 100vw, 650px\" \/><\/figure><div class=\"elementor-image-box-content\"><h4 class=\"elementor-image-box-title\">Thermosolaire<\/h4><\/div><\/div>\t\t<\/div>\n\t\t\t\t<\/div>\n\t\t\t\t<div class=\"elementor-element elementor-element-44ce9ea elementor-position-top elementor-widget elementor-widget-image-box\" data-id=\"44ce9ea\" data-element_type=\"widget\" data-widget_type=\"image-box.default\">\n\t\t\t\t<div class=\"elementor-widget-container\">\n\t\t\t<div class=\"elementor-image-box-wrapper\"><figure class=\"elementor-image-box-img\"><img loading=\"lazy\" decoding=\"async\" width=\"650\" height=\"650\" src=\"https:\/\/pertsl.com\/wp-content\/uploads\/2024\/01\/exterior-fabrica-650x650.jpg\" class=\"attachment-qi_addons_for_elementor_image_size_square size-qi_addons_for_elementor_image_size_square wp-image-5506\" alt=\"\" srcset=\"https:\/\/pertsl.com\/wp-content\/uploads\/2024\/01\/exterior-fabrica-650x650.jpg 650w, https:\/\/pertsl.com\/wp-content\/uploads\/2024\/01\/exterior-fabrica-150x150.jpg 150w, https:\/\/pertsl.com\/wp-content\/uploads\/2024\/01\/exterior-fabrica-1300x1300.jpg 1300w, https:\/\/pertsl.com\/wp-content\/uploads\/2024\/01\/exterior-fabrica-82x82.jpg 82w\" sizes=\"(max-width: 650px) 100vw, 650px\" \/><\/figure><div class=\"elementor-image-box-content\"><h4 class=\"elementor-image-box-title\">Cycle combin\u00e9<\/h4><\/div><\/div>\t\t<\/div>\n\t\t\t\t<\/div>\n\t\t\t\t<div class=\"elementor-element elementor-element-7a56b8c3 elementor-position-top elementor-widget elementor-widget-image-box\" data-id=\"7a56b8c3\" data-element_type=\"widget\" data-widget_type=\"image-box.default\">\n\t\t\t\t<div class=\"elementor-widget-container\">\n\t\t\t<div class=\"elementor-image-box-wrapper\"><figure class=\"elementor-image-box-img\"><img loading=\"lazy\" decoding=\"async\" width=\"650\" height=\"650\" src=\"https:\/\/pertsl.com\/wp-content\/uploads\/2024\/06\/christian-wiediger-Htfy7TaDBgo-unsplash-650x650.jpg\" class=\"attachment-qi_addons_for_elementor_image_size_square size-qi_addons_for_elementor_image_size_square wp-image-6381\" alt=\"\" srcset=\"https:\/\/pertsl.com\/wp-content\/uploads\/2024\/06\/christian-wiediger-Htfy7TaDBgo-unsplash-650x650.jpg 650w, https:\/\/pertsl.com\/wp-content\/uploads\/2024\/06\/christian-wiediger-Htfy7TaDBgo-unsplash-150x150.jpg 150w, https:\/\/pertsl.com\/wp-content\/uploads\/2024\/06\/christian-wiediger-Htfy7TaDBgo-unsplash-1300x1300.jpg 1300w, https:\/\/pertsl.com\/wp-content\/uploads\/2024\/06\/christian-wiediger-Htfy7TaDBgo-unsplash-82x82.jpg 82w\" sizes=\"(max-width: 650px) 100vw, 650px\" \/><\/figure><div class=\"elementor-image-box-content\"><h4 class=\"elementor-image-box-title\">\u00c9lectronique<\/h4><\/div><\/div>\t\t<\/div>\n\t\t\t\t<\/div>\n\t\t\t\t<\/div>\n\t\t\t\t\t<\/div>\n\t\t<\/div>\n\t\t\t\t\t<\/div>\n\t\t<\/section>\n\t\t\t\t<section class=\"elementor-section elementor-top-section elementor-element elementor-element-d2530cc elementor-section-full_width qodef-elementor-content-grid elementor-section-stretched elementor-section-height-default elementor-section-height-default\" data-id=\"d2530cc\" data-element_type=\"section\" data-settings=\"{&quot;stretch_section&quot;:&quot;section-stretched&quot;}\">\n\t\t\t\t\t\t\t<div class=\"elementor-background-overlay\"><\/div>\n\t\t\t\t\t\t\t<div class=\"elementor-container elementor-column-gap-default\">\n\t\t\t\t\t<div class=\"elementor-column elementor-col-100 elementor-top-column elementor-element elementor-element-4f7c5b5\" data-id=\"4f7c5b5\" data-element_type=\"column\">\n\t\t\t<div class=\"elementor-widget-wrap\">\n\t\t\t\t\t\t\t<\/div>\n\t\t<\/div>\n\t\t\t\t\t<\/div>\n\t\t<\/section>\n\t\t\t\t<\/div>\n\t\t","protected":false},"excerpt":{"rendered":"<p>Histoire Nous fabriquons des biens d\u2019\u00e9quipement et des machines depuis plus de 30 ans. Pert S.L. est une entreprise de chaudronnerie avec plus de 30 ans d\u2019exp\u00e9rience dans le secteur. Actuellement, elle se consacre \u00e0 la fabrication de biens d\u2019\u00e9quipement et de machines pour diff\u00e9rents secteurs, tels que le pharmaceutique, les ing\u00e9nieries, le p\u00e9trochimique, entre [&hellip;]<\/p>\n","protected":false},"author":1,"featured_media":0,"parent":0,"menu_order":0,"comment_status":"closed","ping_status":"closed","template":"","meta":{"inline_featured_image":false,"_monsterinsights_skip_tracking":false,"_monsterinsights_sitenote_active":false,"_monsterinsights_sitenote_note":"","_monsterinsights_sitenote_category":0,"footnotes":""},"aioseo_notices":[],"_links":{"self":[{"href":"https:\/\/pertsl.com\/index.php?rest_route=\/wp\/v2\/pages\/6334"}],"collection":[{"href":"https:\/\/pertsl.com\/index.php?rest_route=\/wp\/v2\/pages"}],"about":[{"href":"https:\/\/pertsl.com\/index.php?rest_route=\/wp\/v2\/types\/page"}],"author":[{"embeddable":true,"href":"https:\/\/pertsl.com\/index.php?rest_route=\/wp\/v2\/users\/1"}],"replies":[{"embeddable":true,"href":"https:\/\/pertsl.com\/index.php?rest_route=%2Fwp%2Fv2%2Fcomments&post=6334"}],"version-history":[{"count":50,"href":"https:\/\/pertsl.com\/index.php?rest_route=\/wp\/v2\/pages\/6334\/revisions"}],"predecessor-version":[{"id":6643,"href":"https:\/\/pertsl.com\/index.php?rest_route=\/wp\/v2\/pages\/6334\/revisions\/6643"}],"wp:attachment":[{"href":"https:\/\/pertsl.com\/index.php?rest_route=%2Fwp%2Fv2%2Fmedia&parent=6334"}],"curies":[{"name":"wp","href":"https:\/\/api.w.org\/{rel}","templated":true}]}}