{"id":6141,"date":"2020-02-19T10:29:27","date_gmt":"2020-02-19T10:29:27","guid":{"rendered":"https:\/\/pertsl.com\/?page_id=6141"},"modified":"2024-06-10T11:09:59","modified_gmt":"2024-06-10T09:09:59","slug":"sobre-pert-sl-cat","status":"publish","type":"page","link":"https:\/\/pertsl.com\/?page_id=6141&lang=ca","title":{"rendered":"Sobre Pert SL"},"content":{"rendered":"\t\t<div data-elementor-type=\"wp-page\" data-elementor-id=\"6141\" class=\"elementor elementor-6141\">\n\t\t\t\t\t\t<section class=\"elementor-section elementor-top-section elementor-element elementor-element-3545c85 qodef-elementor-content-grid elementor-section-boxed elementor-section-height-default elementor-section-height-default\" data-id=\"3545c85\" data-element_type=\"section\">\n\t\t\t\t\t\t<div class=\"elementor-container elementor-column-gap-default\">\n\t\t\t\t\t<div class=\"elementor-column elementor-col-50 elementor-top-column elementor-element elementor-element-32e705b\" data-id=\"32e705b\" data-element_type=\"column\">\n\t\t\t<div class=\"elementor-widget-wrap elementor-element-populated\">\n\t\t\t\t\t\t<div class=\"elementor-element elementor-element-a956883 elementor-widget elementor-widget-stal_core_section_title\" data-id=\"a956883\" data-element_type=\"widget\" data-widget_type=\"stal_core_section_title.default\">\n\t\t\t\t<div class=\"elementor-widget-container\">\n\t\t\t<div class=\"qodef-shortcode qodef-m  qodef-section-title qodef-alignment--left  qodef-title-with-tagline\">\n\t\t<div class=\"qodef-m-title-wrap\">\n\t        <h6 class=\"qodef-m-title-tagline\" >Hist\u00f2ria<\/h6>\n    \t<h3 class=\"qodef-m-title\" >\n\t\t\t\t\tFabriquem b\u00e9ns d'equip i maquin\u00e0ria des de fa m\u00e9s de 30 anys.\t\t\t<\/h3>\n\t\n\t<\/div>\n\t\t<p class=\"qodef-m-text\" >Pert S.L. \u00e9s una empresa de caldereria amb m\u00e9s de 30 anys d&#039;experi\u00e8ncia en el sector. Actualment es dedica a la fabricaci\u00f3 de b\u00e9ns d&#039;equip i maquin\u00e0ria per a diferents sectors, com el farmac\u00e8utic, les enginyeries, el petroqu\u00edmic, entre d&#039;altres.<\/p>\n<\/div>\t\t<\/div>\n\t\t\t\t<\/div>\n\t\t\t\t<div class=\"elementor-element elementor-element-6072b03 elementor-widget elementor-widget-stal_core_separator\" data-id=\"6072b03\" data-element_type=\"widget\" data-widget_type=\"stal_core_separator.default\">\n\t\t\t\t<div class=\"elementor-widget-container\">\n\t\t\t<div class=\"qodef-shortcode qodef-m  qodef-separator clear \">\n\t<div class=\"qodef-m-line\" ><\/div>\n<\/div>\t\t<\/div>\n\t\t\t\t<\/div>\n\t\t\t\t<div class=\"elementor-element elementor-element-3771eee elementor-widget elementor-widget-text-editor\" data-id=\"3771eee\" data-element_type=\"widget\" data-widget_type=\"text-editor.default\">\n\t\t\t\t<div class=\"elementor-widget-container\">\n\t\t\t<style>\/*! elementor - v3.21.0 - 26-05-2024 *\/\n.elementor-widget-text-editor.elementor-drop-cap-view-stacked .elementor-drop-cap{background-color:#69727d;color:#fff}.elementor-widget-text-editor.elementor-drop-cap-view-framed .elementor-drop-cap{color:#69727d;border:3px solid;background-color:transparent}.elementor-widget-text-editor:not(.elementor-drop-cap-view-default) .elementor-drop-cap{margin-top:8px}.elementor-widget-text-editor:not(.elementor-drop-cap-view-default) .elementor-drop-cap-letter{width:1em;height:1em}.elementor-widget-text-editor .elementor-drop-cap{float:left;text-align:center;line-height:1;font-size:50px}.elementor-widget-text-editor .elementor-drop-cap-letter{display:inline-block}<\/style>\t\t\t\t<p>El nostre equip de professionals altament capacitats i la nostra \u00e0mplia experi\u00e8ncia ens permeten oferir solucions adaptades a les necessitats espec\u00edfiques de cada client. Treballem en estreta col\u00b7laboraci\u00f3 amb els nostres clients per comprendre els seus requeriments i garantir el lliurament de productes d&#8217;alta qualitat i precisi\u00f3.<\/p><p>A Pert S.L., ens sentim orgullosos de la nostra capacitat per fabricar productes de caldereria d&#8217;alta qualitat i durabilitat. Utilitzem tecnologies avan\u00e7ades i materials de primera qualitat per garantir l&#8217;excel\u00b7l\u00e8ncia dels nostres productes. A m\u00e9s, complim amb els est\u00e0ndards de seguretat i les normatives vigents en cada sector en qu\u00e8 operem.<\/p><p>Comptem amb una \u00e0mplia gamma de productes, des de tancs i recipients a mida fins a estructures met\u00e0l\u00b7liques i components de maquin\u00e0ria. El nostre objectiu \u00e9s proporcionar solucions completes i eficients que satisfacin les necessitats dels nostres clients.<\/p>\t\t\t\t\t\t<\/div>\n\t\t\t\t<\/div>\n\t\t\t\t\t<\/div>\n\t\t<\/div>\n\t\t\t\t<div class=\"elementor-column elementor-col-50 elementor-top-column elementor-element elementor-element-47ca105\" data-id=\"47ca105\" data-element_type=\"column\">\n\t\t\t<div class=\"elementor-widget-wrap elementor-element-populated\">\n\t\t\t\t\t\t<div class=\"elementor-element elementor-element-44d1ad0 elementor-widget elementor-widget-stal_core_section_title\" data-id=\"44d1ad0\" data-element_type=\"widget\" data-widget_type=\"stal_core_section_title.default\">\n\t\t\t\t<div class=\"elementor-widget-container\">\n\t\t\t<div class=\"qodef-shortcode qodef-m  qodef-section-title qodef-alignment--left  \">\n\t\t<div class=\"qodef-m-title-wrap\">\n\t\t<h3 class=\"qodef-m-title\" >\n\t\t\t\t\tOn som\t\t\t<\/h3>\n\t\n\t<\/div>\n\t\t<p class=\"qodef-m-text\" style=\"font-size: 19px;line-height: 30px\">Ens trobem a Rub\u00ed, molt a prop de Barcelona. Aquesta ubicaci\u00f3 estrat\u00e8gica ens permet servir eficientment els clients de tota la regi\u00f3 i mantenir una connexi\u00f3 propera amb importants centres industrials i log\u00edstics.<\/p>\n<\/div>\t\t<\/div>\n\t\t\t\t<\/div>\n\t\t\t\t<section class=\"elementor-section elementor-inner-section elementor-element elementor-element-05f5a65 elementor-section-boxed elementor-section-height-default elementor-section-height-default qodef-elementor-content-no\" data-id=\"05f5a65\" data-element_type=\"section\">\n\t\t\t\t\t\t<div class=\"elementor-container elementor-column-gap-default\">\n\t\t\t\t\t<div class=\"elementor-column elementor-col-100 elementor-inner-column elementor-element elementor-element-924984d\" data-id=\"924984d\" data-element_type=\"column\">\n\t\t\t<div class=\"elementor-widget-wrap elementor-element-populated\">\n\t\t\t\t\t\t<div class=\"elementor-element elementor-element-62cdd72 elementor-widget elementor-widget-stal_core_icon_list_item\" data-id=\"62cdd72\" data-element_type=\"widget\" data-widget_type=\"stal_core_icon_list_item.default\">\n\t\t\t\t<div class=\"elementor-widget-container\">\n\t\t\t<div class=\"qodef-icon-list-item qodef-icon--icon-pack qodef-alignment--top\" >\n\t<p class=\"qodef-e-title\" style=\"line-height: 1.625em\">\n\t\t\t\t\t<a itemprop=\"url\" href=\"https:\/\/maps.app.goo.gl\/pNNVfCEcQbB5tsJaA\" target=\"_blank\">\n\t\t\t\t\t<span class=\"qodef-e-title-inner\">\n\t\t\t\t<span class=\"qodef-shortcode qodef-m  qodef-icon-holder qodef-size--default qodef-layout--square\"  style=\"width: 26px;height: 26px;line-height: 26px\">\t        <span class=\"qodef-icon-ionicons ion-ios-add qodef-icon qodef-e\" style=\"\" ><\/span>    <\/span>\t\t\t\t<span class=\"qodef-e-title-text\" style=\"top: -5px;position: relative\">Carrer Emili Sol\u00e0 i Cort\u00e9s, 8 08191 Rub\u00ed, Barcelona<\/span>\n\t\t\t<\/span>\n\t\t\t\t\t<\/a>\n\t\t\t<\/p>\n<\/div>\t\t<\/div>\n\t\t\t\t<\/div>\n\t\t\t\t<div class=\"elementor-element elementor-element-da4d210 elementor-widget elementor-widget-text-editor\" data-id=\"da4d210\" data-element_type=\"widget\" data-widget_type=\"text-editor.default\">\n\t\t\t\t<div class=\"elementor-widget-container\">\n\t\t\t\t\t\t\t<p style=\"margin: 3px 0;\"><a class=\"qodef-gray-link\" href=\"tel:935885049\">+34 935 885 049<\/a><\/p>\t\t\t\t\t\t<\/div>\n\t\t\t\t<\/div>\n\t\t\t\t<div class=\"elementor-element elementor-element-aba05dd elementor-widget elementor-widget-text-editor\" data-id=\"aba05dd\" data-element_type=\"widget\" data-widget_type=\"text-editor.default\">\n\t\t\t\t<div class=\"elementor-widget-container\">\n\t\t\t\t\t\t\t<p style=\"margin: 3px 0;\"><a class=\"qodef-gray-link\" href=\"mailto:oficina@pertsl.com\">oficina@pertsl.com<\/a><\/p>\t\t\t\t\t\t<\/div>\n\t\t\t\t<\/div>\n\t\t\t\t\t<\/div>\n\t\t<\/div>\n\t\t\t\t\t<\/div>\n\t\t<\/section>\n\t\t\t\t\t<\/div>\n\t\t<\/div>\n\t\t\t\t\t<\/div>\n\t\t<\/section>\n\t\t\t\t<section class=\"elementor-section elementor-top-section elementor-element elementor-element-78f9030d qodef-elementor-content-grid elementor-section-full_width elementor-section-stretched elementor-section-height-default elementor-section-height-default\" data-id=\"78f9030d\" data-element_type=\"section\" data-settings=\"{&quot;stretch_section&quot;:&quot;section-stretched&quot;}\">\n\t\t\t\t\t\t<div class=\"elementor-container elementor-column-gap-default\">\n\t\t\t\t\t<div class=\"elementor-column elementor-col-100 elementor-top-column elementor-element elementor-element-e8c818c\" data-id=\"e8c818c\" data-element_type=\"column\">\n\t\t\t<div class=\"elementor-widget-wrap elementor-element-populated\">\n\t\t\t\t<div class=\"elementor-element elementor-element-7b84a1d5 e-grid e-con-full e-con e-parent\" data-id=\"7b84a1d5\" data-element_type=\"container\">\n\t\t\t\t<div class=\"elementor-element elementor-element-438b577d elementor-position-top elementor-widget elementor-widget-image-box\" data-id=\"438b577d\" data-element_type=\"widget\" data-widget_type=\"image-box.default\">\n\t\t\t\t<div class=\"elementor-widget-container\">\n\t\t\t<style>\/*! elementor - v3.21.0 - 26-05-2024 *\/\n.elementor-widget-image-box .elementor-image-box-content{width:100%}@media (min-width:768px){.elementor-widget-image-box.elementor-position-left .elementor-image-box-wrapper,.elementor-widget-image-box.elementor-position-right .elementor-image-box-wrapper{display:flex}.elementor-widget-image-box.elementor-position-right .elementor-image-box-wrapper{text-align:end;flex-direction:row-reverse}.elementor-widget-image-box.elementor-position-left .elementor-image-box-wrapper{text-align:start;flex-direction:row}.elementor-widget-image-box.elementor-position-top .elementor-image-box-img{margin:auto}.elementor-widget-image-box.elementor-vertical-align-top .elementor-image-box-wrapper{align-items:flex-start}.elementor-widget-image-box.elementor-vertical-align-middle .elementor-image-box-wrapper{align-items:center}.elementor-widget-image-box.elementor-vertical-align-bottom .elementor-image-box-wrapper{align-items:flex-end}}@media (max-width:767px){.elementor-widget-image-box .elementor-image-box-img{margin-left:auto!important;margin-right:auto!important;margin-bottom:15px}}.elementor-widget-image-box .elementor-image-box-img{display:inline-block}.elementor-widget-image-box .elementor-image-box-title a{color:inherit}.elementor-widget-image-box .elementor-image-box-wrapper{text-align:center}.elementor-widget-image-box .elementor-image-box-description{margin:0}<\/style><div class=\"elementor-image-box-wrapper\"><figure class=\"elementor-image-box-img\"><img fetchpriority=\"high\" decoding=\"async\" width=\"650\" height=\"650\" src=\"https:\/\/pertsl.com\/wp-content\/uploads\/2024\/01\/aluminum-tanks-storage-raw-materials-chemical-industry-sterile-conditions-enterprise-650x650.jpg\" class=\"attachment-qi_addons_for_elementor_image_size_square size-qi_addons_for_elementor_image_size_square wp-image-5654\" alt=\"\" srcset=\"https:\/\/pertsl.com\/wp-content\/uploads\/2024\/01\/aluminum-tanks-storage-raw-materials-chemical-industry-sterile-conditions-enterprise-650x650.jpg 650w, https:\/\/pertsl.com\/wp-content\/uploads\/2024\/01\/aluminum-tanks-storage-raw-materials-chemical-industry-sterile-conditions-enterprise-150x150.jpg 150w, https:\/\/pertsl.com\/wp-content\/uploads\/2024\/01\/aluminum-tanks-storage-raw-materials-chemical-industry-sterile-conditions-enterprise-1300x1300.jpg 1300w, https:\/\/pertsl.com\/wp-content\/uploads\/2024\/01\/aluminum-tanks-storage-raw-materials-chemical-industry-sterile-conditions-enterprise-82x82.jpg 82w\" sizes=\"(max-width: 650px) 100vw, 650px\" \/><\/figure><div class=\"elementor-image-box-content\"><h4 class=\"elementor-image-box-title\">Farmac\u00e8utic<\/h4><\/div><\/div>\t\t<\/div>\n\t\t\t\t<\/div>\n\t\t\t\t<div class=\"elementor-element elementor-element-551e15f3 elementor-position-top elementor-widget elementor-widget-image-box\" data-id=\"551e15f3\" data-element_type=\"widget\" data-widget_type=\"image-box.default\">\n\t\t\t\t<div class=\"elementor-widget-container\">\n\t\t\t<div class=\"elementor-image-box-wrapper\"><figure class=\"elementor-image-box-img\"><img decoding=\"async\" width=\"650\" height=\"650\" src=\"https:\/\/pertsl.com\/wp-content\/uploads\/2024\/03\/organic-75585_1280-650x650.jpg\" class=\"attachment-qi_addons_for_elementor_image_size_square size-qi_addons_for_elementor_image_size_square wp-image-5703\" alt=\"\" srcset=\"https:\/\/pertsl.com\/wp-content\/uploads\/2024\/03\/organic-75585_1280-650x650.jpg 650w, https:\/\/pertsl.com\/wp-content\/uploads\/2024\/03\/organic-75585_1280-150x150.jpg 150w, https:\/\/pertsl.com\/wp-content\/uploads\/2024\/03\/organic-75585_1280-82x82.jpg 82w\" sizes=\"(max-width: 650px) 100vw, 650px\" \/><\/figure><div class=\"elementor-image-box-content\"><h4 class=\"elementor-image-box-title\">Alimentari<\/h4><\/div><\/div>\t\t<\/div>\n\t\t\t\t<\/div>\n\t\t\t\t<div class=\"elementor-element elementor-element-2ac4bfb2 elementor-position-top elementor-widget elementor-widget-image-box\" data-id=\"2ac4bfb2\" data-element_type=\"widget\" data-widget_type=\"image-box.default\">\n\t\t\t\t<div class=\"elementor-widget-container\">\n\t\t\t<div class=\"elementor-image-box-wrapper\"><figure class=\"elementor-image-box-img\"><img decoding=\"async\" width=\"650\" height=\"650\" src=\"https:\/\/pertsl.com\/wp-content\/uploads\/2020\/02\/h3-img-2-1-650x650.jpg\" class=\"attachment-qi_addons_for_elementor_image_size_square size-qi_addons_for_elementor_image_size_square wp-image-3508\" alt=\"d\" srcset=\"https:\/\/pertsl.com\/wp-content\/uploads\/2020\/02\/h3-img-2-1-650x650.jpg 650w, https:\/\/pertsl.com\/wp-content\/uploads\/2020\/02\/h3-img-2-1-150x150.jpg 150w, https:\/\/pertsl.com\/wp-content\/uploads\/2020\/02\/h3-img-2-1-82x82.jpg 82w\" sizes=\"(max-width: 650px) 100vw, 650px\" \/><\/figure><div class=\"elementor-image-box-content\"><h4 class=\"elementor-image-box-title\">Automoci\u00f3<\/h4><\/div><\/div>\t\t<\/div>\n\t\t\t\t<\/div>\n\t\t\t\t<div class=\"elementor-element elementor-element-329749e elementor-position-top elementor-widget elementor-widget-image-box\" data-id=\"329749e\" data-element_type=\"widget\" data-widget_type=\"image-box.default\">\n\t\t\t\t<div class=\"elementor-widget-container\">\n\t\t\t<div class=\"elementor-image-box-wrapper\"><figure class=\"elementor-image-box-img\"><img loading=\"lazy\" decoding=\"async\" width=\"650\" height=\"650\" src=\"https:\/\/pertsl.com\/wp-content\/uploads\/2024\/03\/rails-3309912_1280-650x650.jpg\" class=\"attachment-qi_addons_for_elementor_image_size_square size-qi_addons_for_elementor_image_size_square wp-image-5702\" alt=\"\" srcset=\"https:\/\/pertsl.com\/wp-content\/uploads\/2024\/03\/rails-3309912_1280-650x650.jpg 650w, https:\/\/pertsl.com\/wp-content\/uploads\/2024\/03\/rails-3309912_1280-150x150.jpg 150w, https:\/\/pertsl.com\/wp-content\/uploads\/2024\/03\/rails-3309912_1280-82x82.jpg 82w\" sizes=\"(max-width: 650px) 100vw, 650px\" \/><\/figure><div class=\"elementor-image-box-content\"><h4 class=\"elementor-image-box-title\">Ferroviari<\/h4><\/div><\/div>\t\t<\/div>\n\t\t\t\t<\/div>\n\t\t\t\t<div class=\"elementor-element elementor-element-46cfb693 elementor-position-top elementor-widget elementor-widget-image-box\" data-id=\"46cfb693\" data-element_type=\"widget\" data-widget_type=\"image-box.default\">\n\t\t\t\t<div class=\"elementor-widget-container\">\n\t\t\t<div class=\"elementor-image-box-wrapper\"><figure class=\"elementor-image-box-img\"><img loading=\"lazy\" decoding=\"async\" width=\"650\" height=\"650\" src=\"https:\/\/pertsl.com\/wp-content\/uploads\/2024\/03\/loacker-955592_1280-650x650.jpg\" class=\"attachment-qi_addons_for_elementor_image_size_square size-qi_addons_for_elementor_image_size_square wp-image-5706\" alt=\"\" srcset=\"https:\/\/pertsl.com\/wp-content\/uploads\/2024\/03\/loacker-955592_1280-650x650.jpg 650w, https:\/\/pertsl.com\/wp-content\/uploads\/2024\/03\/loacker-955592_1280-150x150.jpg 150w, https:\/\/pertsl.com\/wp-content\/uploads\/2024\/03\/loacker-955592_1280-82x82.jpg 82w\" sizes=\"(max-width: 650px) 100vw, 650px\" \/><\/figure><div class=\"elementor-image-box-content\"><h4 class=\"elementor-image-box-title\">Mediambiental<\/h4><\/div><\/div>\t\t<\/div>\n\t\t\t\t<\/div>\n\t\t\t\t<div class=\"elementor-element elementor-element-6fd9d8da elementor-position-top elementor-widget elementor-widget-image-box\" data-id=\"6fd9d8da\" data-element_type=\"widget\" data-widget_type=\"image-box.default\">\n\t\t\t\t<div class=\"elementor-widget-container\">\n\t\t\t<div class=\"elementor-image-box-wrapper\"><figure class=\"elementor-image-box-img\"><img loading=\"lazy\" decoding=\"async\" width=\"650\" height=\"650\" src=\"https:\/\/pertsl.com\/wp-content\/uploads\/2024\/03\/solar-8499896_1280-650x650.jpg\" class=\"attachment-qi_addons_for_elementor_image_size_square size-qi_addons_for_elementor_image_size_square wp-image-5704\" alt=\"\" srcset=\"https:\/\/pertsl.com\/wp-content\/uploads\/2024\/03\/solar-8499896_1280-650x650.jpg 650w, https:\/\/pertsl.com\/wp-content\/uploads\/2024\/03\/solar-8499896_1280-150x150.jpg 150w, https:\/\/pertsl.com\/wp-content\/uploads\/2024\/03\/solar-8499896_1280-82x82.jpg 82w\" sizes=\"(max-width: 650px) 100vw, 650px\" \/><\/figure><div class=\"elementor-image-box-content\"><h4 class=\"elementor-image-box-title\">Termosolar<\/h4><\/div><\/div>\t\t<\/div>\n\t\t\t\t<\/div>\n\t\t\t\t<div class=\"elementor-element elementor-element-491cd92d elementor-position-top elementor-widget elementor-widget-image-box\" data-id=\"491cd92d\" data-element_type=\"widget\" data-widget_type=\"image-box.default\">\n\t\t\t\t<div class=\"elementor-widget-container\">\n\t\t\t<div class=\"elementor-image-box-wrapper\"><figure class=\"elementor-image-box-img\"><img loading=\"lazy\" decoding=\"async\" width=\"650\" height=\"650\" src=\"https:\/\/pertsl.com\/wp-content\/uploads\/2024\/01\/exterior-fabrica-650x650.jpg\" class=\"attachment-qi_addons_for_elementor_image_size_square size-qi_addons_for_elementor_image_size_square wp-image-5506\" alt=\"\" srcset=\"https:\/\/pertsl.com\/wp-content\/uploads\/2024\/01\/exterior-fabrica-650x650.jpg 650w, https:\/\/pertsl.com\/wp-content\/uploads\/2024\/01\/exterior-fabrica-150x150.jpg 150w, https:\/\/pertsl.com\/wp-content\/uploads\/2024\/01\/exterior-fabrica-1300x1300.jpg 1300w, https:\/\/pertsl.com\/wp-content\/uploads\/2024\/01\/exterior-fabrica-82x82.jpg 82w\" sizes=\"(max-width: 650px) 100vw, 650px\" \/><\/figure><div class=\"elementor-image-box-content\"><h4 class=\"elementor-image-box-title\">Cicle combinat<\/h4><\/div><\/div>\t\t<\/div>\n\t\t\t\t<\/div>\n\t\t\t\t<div class=\"elementor-element elementor-element-640967cb elementor-position-top elementor-widget elementor-widget-image-box\" data-id=\"640967cb\" data-element_type=\"widget\" data-widget_type=\"image-box.default\">\n\t\t\t\t<div class=\"elementor-widget-container\">\n\t\t\t<div class=\"elementor-image-box-wrapper\"><figure class=\"elementor-image-box-img\"><img loading=\"lazy\" decoding=\"async\" width=\"650\" height=\"650\" src=\"https:\/\/pertsl.com\/wp-content\/uploads\/2024\/06\/christian-wiediger-Htfy7TaDBgo-unsplash-650x650.jpg\" class=\"attachment-qi_addons_for_elementor_image_size_square size-qi_addons_for_elementor_image_size_square wp-image-6381\" alt=\"\" srcset=\"https:\/\/pertsl.com\/wp-content\/uploads\/2024\/06\/christian-wiediger-Htfy7TaDBgo-unsplash-650x650.jpg 650w, https:\/\/pertsl.com\/wp-content\/uploads\/2024\/06\/christian-wiediger-Htfy7TaDBgo-unsplash-150x150.jpg 150w, https:\/\/pertsl.com\/wp-content\/uploads\/2024\/06\/christian-wiediger-Htfy7TaDBgo-unsplash-1300x1300.jpg 1300w, https:\/\/pertsl.com\/wp-content\/uploads\/2024\/06\/christian-wiediger-Htfy7TaDBgo-unsplash-82x82.jpg 82w\" sizes=\"(max-width: 650px) 100vw, 650px\" \/><\/figure><div class=\"elementor-image-box-content\"><h4 class=\"elementor-image-box-title\">Electr\u00f2nica<\/h4><\/div><\/div>\t\t<\/div>\n\t\t\t\t<\/div>\n\t\t\t\t<\/div>\n\t\t\t\t\t<\/div>\n\t\t<\/div>\n\t\t\t\t\t<\/div>\n\t\t<\/section>\n\t\t\t\t<section class=\"elementor-section elementor-top-section elementor-element elementor-element-d2530cc elementor-section-full_width qodef-elementor-content-grid elementor-section-stretched elementor-section-height-default elementor-section-height-default\" data-id=\"d2530cc\" data-element_type=\"section\" data-settings=\"{&quot;stretch_section&quot;:&quot;section-stretched&quot;}\">\n\t\t\t\t\t\t\t<div class=\"elementor-background-overlay\"><\/div>\n\t\t\t\t\t\t\t<div class=\"elementor-container elementor-column-gap-default\">\n\t\t\t\t\t<div class=\"elementor-column elementor-col-100 elementor-top-column elementor-element elementor-element-4f7c5b5\" data-id=\"4f7c5b5\" data-element_type=\"column\">\n\t\t\t<div class=\"elementor-widget-wrap\">\n\t\t\t\t\t\t\t<\/div>\n\t\t<\/div>\n\t\t\t\t\t<\/div>\n\t\t<\/section>\n\t\t\t\t<\/div>\n\t\t","protected":false},"excerpt":{"rendered":"<p>Hist\u00f2ria Fabriquem b\u00e9ns d&#8217;equip i maquin\u00e0ria des de fa m\u00e9s de 30 anys. Pert S.L. \u00e9s una empresa de caldereria amb m\u00e9s de 30 anys d&#039;experi\u00e8ncia en el sector. Actualment es dedica a la fabricaci\u00f3 de b\u00e9ns d&#039;equip i maquin\u00e0ria per a diferents sectors, com el farmac\u00e8utic, les enginyeries, el petroqu\u00edmic, entre d&#039;altres. El nostre [&hellip;]<\/p>\n","protected":false},"author":1,"featured_media":0,"parent":0,"menu_order":0,"comment_status":"closed","ping_status":"closed","template":"","meta":{"inline_featured_image":false,"_monsterinsights_skip_tracking":false,"_monsterinsights_sitenote_active":false,"_monsterinsights_sitenote_note":"","_monsterinsights_sitenote_category":0,"footnotes":""},"aioseo_notices":[],"_links":{"self":[{"href":"https:\/\/pertsl.com\/index.php?rest_route=\/wp\/v2\/pages\/6141"}],"collection":[{"href":"https:\/\/pertsl.com\/index.php?rest_route=\/wp\/v2\/pages"}],"about":[{"href":"https:\/\/pertsl.com\/index.php?rest_route=\/wp\/v2\/types\/page"}],"author":[{"embeddable":true,"href":"https:\/\/pertsl.com\/index.php?rest_route=\/wp\/v2\/users\/1"}],"replies":[{"embeddable":true,"href":"https:\/\/pertsl.com\/index.php?rest_route=%2Fwp%2Fv2%2Fcomments&post=6141"}],"version-history":[{"count":28,"href":"https:\/\/pertsl.com\/index.php?rest_route=\/wp\/v2\/pages\/6141\/revisions"}],"predecessor-version":[{"id":6657,"href":"https:\/\/pertsl.com\/index.php?rest_route=\/wp\/v2\/pages\/6141\/revisions\/6657"}],"wp:attachment":[{"href":"https:\/\/pertsl.com\/index.php?rest_route=%2Fwp%2Fv2%2Fmedia&parent=6141"}],"curies":[{"name":"wp","href":"https:\/\/api.w.org\/{rel}","templated":true}]}}